{"id":20327,"date":"2024-11-19T14:21:51","date_gmt":"2024-11-19T14:21:51","guid":{"rendered":"https:\/\/radiksgroup.com\/?page_id=20327"},"modified":"2024-11-19T14:24:49","modified_gmt":"2024-11-19T14:24:49","slug":"financial-service","status":"publish","type":"page","link":"https:\/\/radiksgroup.com\/fr\/financial-service\/","title":{"rendered":"Financial Service"},"content":{"rendered":"\t\t<div data-elementor-type=\"wp-page\" data-elementor-id=\"20327\" class=\"elementor elementor-20327\" data-elementor-post-type=\"page\">\n\t\t\t\t\t\t<section class=\"elementor-section elementor-top-section elementor-element elementor-element-2b114cb0 elementor-section-full_width page-masthead bg-image js-lazy loaded page-masthead__bg elementor-section-height-default elementor-section-height-default\" data-id=\"2b114cb0\" data-element_type=\"section\" data-settings=\"{&quot;background_background&quot;:&quot;classic&quot;}\" data-parallax=\"0.6\">\n\t\t\t\t\t\t<div class=\"elementor-container elementor-column-gap-default container\">\n\t\t\t\t\t<div class=\"elementor-column elementor-col-100 elementor-top-column elementor-element elementor-element-685865c3\" data-id=\"685865c3\" data-element_type=\"column\">\n\t\t\t<div class=\"p-0 page-masthead__content elementor-widget-wrap elementor-element-populated\">\n\t\t\t\t\t\t<div class=\"elementor-section elementor-inner-section elementor-element elementor-element-8c20ca6 elementor-section-full_width elementor-section-height-default elementor-section-height-default\" data-id=\"8c20ca6\" data-element_type=\"section\">\n\t\t\t\t\t\t<div class=\"elementor-container elementor-column-gap-default row justify-content-between md:justify-content-center align-items-center row-margin\">\n\t\t\t\t\t<div class=\"elementor-column elementor-col-50 elementor-inner-column elementor-element elementor-element-2066d504 col-lg-9 col-md-10\" data-id=\"2066d504\" data-element_type=\"column\" data-anim=\"slide-up delay-1\">\n\t\t\t<div class=\"p-0 elementor-widget-wrap elementor-element-populated\">\n\t\t\t\t\t\t<div class=\"elementor-element elementor-element-5233b65d elementor-widget elementor-widget-highlighted-heading\" data-id=\"5233b65d\" data-element_type=\"widget\" data-widget_type=\"highlighted-heading.default\">\n\t\t\t\t<div class=\"elementor-widget-container\">\n\t\t\t<div class=\"highlighted-heading__title page-masthead__subtitle\">explorer les fonctionnalit\u00e9s<\/div>\t\t<\/div>\n\t\t\t\t<\/div>\n\t\t\t\t<div class=\"elementor-element elementor-element-409201ff elementor-widget elementor-widget-highlighted-heading\" data-id=\"409201ff\" data-element_type=\"widget\" data-widget_type=\"highlighted-heading.default\">\n\t\t\t\t<div class=\"elementor-widget-container\">\n\t\t\t<h1 class=\"highlighted-heading__title page-masthead__title text-white\">Financial Service<\/h1>\t\t<\/div>\n\t\t\t\t<\/div>\n\t\t\t\t\t<\/div>\n\t\t<\/div>\n\t\t\t\t<div class=\"elementor-column elementor-col-50 elementor-inner-column elementor-element elementor-element-70717069 col-lg-auto col-12\" data-id=\"70717069\" data-element_type=\"column\">\n\t\t\t<div class=\"p-0 elementor-widget-wrap elementor-element-populated\">\n\t\t\t\t\t\t<div class=\"elementor-element elementor-element-1d82a661 elementor-widget elementor-widget-hx-breadcrumb\" data-id=\"1d82a661\" data-element_type=\"widget\" data-widget_type=\"hx-breadcrumb.default\">\n\t\t\t\t<div class=\"elementor-widget-container\">\n\t\t\t<div data-anim=\"slide-up delay-1\" class=\"page-masthead-bread text-white md:mt-24 text-right\"><a data-barba class=\"page-masthead-bread__item active\">Accueil<\/a><\/div>\t\t<\/div>\n\t\t\t\t<\/div>\n\t\t\t\t\t<\/div>\n\t\t<\/div>\n\t\t\t\t\t<\/div>\n\t\t<\/div>\n\t\t\t\t\t<\/div>\n\t\t<\/div>\n\t\t\t\t\t<\/div>\n\t\t<\/section>\n\t\t\t\t<section class=\"elementor-section elementor-top-section elementor-element elementor-element-4f5c0b39 elementor-section-full_width layout-pt-md layout-pb-md background-color elementor-section-height-default elementor-section-height-default\" data-id=\"4f5c0b39\" data-element_type=\"section\">\n\t\t\t\t\t\t<div class=\"elementor-container elementor-column-gap-default container\">\n\t\t\t\t\t<div class=\"elementor-column elementor-col-100 elementor-top-column elementor-element elementor-element-20ae5c0\" data-id=\"20ae5c0\" data-element_type=\"column\" data-anim-wrap=\"\">\n\t\t\t<div class=\"p-0 elementor-widget-wrap elementor-element-populated\">\n\t\t\t\t\t\t<div class=\"elementor-section elementor-inner-section elementor-element elementor-element-136306a8 elementor-section-full_width elementor-section-height-default elementor-section-height-default\" data-id=\"136306a8\" data-element_type=\"section\" data-anim-wrap=\"\">\n\t\t\t\t\t\t<div class=\"elementor-container elementor-column-gap-default row justify-content-between align-items-center row-margin\">\n\t\t\t\t\t<div class=\"elementor-column elementor-col-50 elementor-inner-column elementor-element elementor-element-2d7ff78c col-lg-5 col-md-10\" data-id=\"2d7ff78c\" data-element_type=\"column\" data-anim-child=\"slide-right delay-3\">\n\t\t\t<div class=\"p-0 sectionHeading -left-line -about pr-12 lg:pr-0 elementor-widget-wrap elementor-element-populated\">\n\t\t\t\t\t\t<div class=\"elementor-element elementor-element-5546f889 elementor-widget elementor-widget-highlighted-heading\" data-id=\"5546f889\" data-element_type=\"widget\" data-widget_type=\"highlighted-heading.default\">\n\t\t\t\t<div class=\"elementor-widget-container\">\n\t\t\t<span class=\"highlighted-heading__title sectionHeading__subtitle\">\u00c0 propos de nous<\/span>\t\t<\/div>\n\t\t\t\t<\/div>\n\t\t\t\t<div class=\"elementor-element elementor-element-192baf93 elementor-widget elementor-widget-highlighted-heading\" data-id=\"192baf93\" data-element_type=\"widget\" data-widget_type=\"highlighted-heading.default\">\n\t\t\t\t<div class=\"elementor-widget-container\">\n\t\t\t<h2 class=\"highlighted-heading__title sectionHeading__title\">BELAIR Exchange<\/h2>\t\t<\/div>\n\t\t\t\t<\/div>\n\t\t\t\t<div class=\"elementor-element elementor-element-a026bb1 elementor-widget elementor-widget-highlighted-heading\" data-id=\"a026bb1\" data-element_type=\"widget\" data-widget_type=\"highlighted-heading.default\">\n\t\t\t\t<div class=\"elementor-widget-container\">\n\t\t\t<p class=\"highlighted-heading__title sectionHeading__text\">BELAIR Exchange est une destination de confiance pour les services de change de devises, offrant \u00e0 nos clients des taux de change comp\u00e9titifs avec une garantie de rapidit\u00e9 et d'efficacit\u00e9. Notre agence est strat\u00e9giquement situ\u00e9e et utilise les derni\u00e8res technologies pour offrir une exp\u00e9rience s\u00fbre et transparente. Nos services s'\u00e9tendent au-del\u00e0 des fronti\u00e8res locales, car nous proposons des solutions financi\u00e8res innovantes adapt\u00e9es aux besoins des clients de diff\u00e9rents pays. Gr\u00e2ce \u00e0 notre vaste r\u00e9seau, nous nous assurons que nos clients trouvent le soutien dont ils ont besoin partout dans le monde. Cette flexibilit\u00e9 et cette diversit\u00e9 font de BELAIR Exchange le premier choix pour ceux qui recherchent des services financiers complets et fiables.<\/p>\t\t<\/div>\n\t\t\t\t<\/div>\n\t\t\t\t\t<\/div>\n\t\t<\/div>\n\t\t\t\t<div class=\"elementor-column elementor-col-50 elementor-inner-column elementor-element elementor-element-587651e6 col-xl-6 col-lg-7 col-12\" data-id=\"587651e6\" data-element_type=\"column\">\n\t\t\t<div class=\"p-0 background-cover -left -dark md:mt-60 elementor-widget-wrap elementor-element-populated\">\n\t\t\t\t\t\t<div class=\"elementor-element elementor-element-2d83e110 elementor-widget elementor-widget-image\" data-id=\"2d83e110\" data-element_type=\"widget\" data-widget_type=\"image.default\">\n\t\t\t\t<div class=\"elementor-widget-container\">\n\t\t\t<style>\/*! elementor - v3.19.0 - 28-02-2024 *\/\n.elementor-widget-image{text-align:center}.elementor-widget-image a{display:inline-block}.elementor-widget-image a img[src$=\".svg\"]{width:48px}.elementor-widget-image img{vertical-align:middle;display:inline-block}<\/style><div class=\"wrapper_css ratio ratio-4:3 \" data-anim-child=\"img-right cover-black\">\t\t\t\t\t\t\t\t\t\t<img fetchpriority=\"high\" decoding=\"async\" width=\"1200\" height=\"413\" src=\"https:\/\/radiksgroup.com\/wp-content\/uploads\/2024\/11\/exchan-e1731926770242.jpg\" class=\"ratio-img h-100 attachment-full size-full wp-image-19222\" alt=\"\" \/>\t\t\t\t\t\t\t\t\t\t\t<\/div>\t\t<\/div>\n\t\t\t\t<\/div>\n\t\t\t\t\t<\/div>\n\t\t<\/div>\n\t\t\t\t\t<\/div>\n\t\t<\/div>\n\t\t\t\t\t<\/div>\n\t\t<\/div>\n\t\t\t\t\t<\/div>\n\t\t<\/section>\n\t\t<div class=\"elementor-element elementor-element-ecdb113 e-con-full e-flex e-con e-parent\" data-id=\"ecdb113\" data-element_type=\"container\" data-settings=\"{&quot;content_width&quot;:&quot;full&quot;}\" data-core-v316-plus=\"true\">\n\t\t\t\t<div class=\"elementor-element elementor-element-d456a45 elementor-widget elementor-widget-template\" data-id=\"d456a45\" data-element_type=\"widget\" data-widget_type=\"template.default\">\n\t\t\t\t<div class=\"elementor-widget-container\">\n\t\t\t\t\t<div class=\"elementor-template\">\n\t\t\t\t\t<div data-elementor-type=\"section\" data-elementor-id=\"15909\" class=\"elementor elementor-15909 elementor-14538\" data-elementor-post-type=\"elementor_library\">\n\t\t\t\t\t<section class=\"elementor-section elementor-top-section elementor-element elementor-element-8640790 elementor-section-full_width layout-pt-md layout-pb-md bg-beige-dark elementor-section-stretched elementor-section-height-default elementor-section-height-default\" data-id=\"8640790\" data-element_type=\"section\" data-settings=\"{&quot;stretch_section&quot;:&quot;section-stretched&quot;}\">\n\t\t\t\t\t\t<div class=\"elementor-container elementor-column-gap-no no-gutters container justify-content-center text-center px-0\">\n\t\t\t\t\t<div class=\"elementor-column elementor-col-100 elementor-top-column elementor-element elementor-element-5cdeac3 col-xl-7 col-lg-8 col-md-10 px-col mx-auto px-col\" data-id=\"5cdeac3\" data-element_type=\"column\">\n\t\t\t<div class=\"p-0 elementor-widget-wrap elementor-element-populated\">\n\t\t\t\t\t\t<div class=\"elementor-element elementor-element-fb1e0c4 elementor-widget elementor-widget-highlighted-heading\" data-id=\"fb1e0c4\" data-element_type=\"widget\" data-widget_type=\"highlighted-heading.default\">\n\t\t\t\t<div class=\"elementor-widget-container\">\n\t\t\t<h2 class=\"highlighted-heading__title cta__title text-white\">Pr\u00eat \u00e0 prendre le contr\u00f4le de votre avenir en mati\u00e8re d\u2019investissement\u00a0?<\/h2>\t\t<\/div>\n\t\t\t\t<\/div>\n\t\t\t\t<div class=\"elementor-element elementor-element-c6a738c elementor-widget elementor-widget-highlighted-heading\" data-id=\"c6a738c\" data-element_type=\"widget\" data-widget_type=\"highlighted-heading.default\">\n\t\t\t\t<div class=\"elementor-widget-container\">\n\t\t\t<p class=\"highlighted-heading__title cta__text px-80 lg:px-0 text-white mb-0\">N)ous sommes fiers d'\u00eatre parmi les premi\u00e8res entreprises \u00e0 ouvrir physiquement dans le centre de l'Afrique de l'Ouest o\u00f9 se situe l'avenir financier. Lib\u00e9rez votre potentiel d'investissement d\u00e8s aujourd'hui\u00a0!<\/p>\t\t<\/div>\n\t\t\t\t<\/div>\n\t\t\t\t<div class=\"elementor-element elementor-element-bfc9690 cta__button elementor-widget elementor-widget-button\" data-id=\"bfc9690\" data-element_type=\"widget\" data-widget_type=\"button.button-hellix\">\n\t\t\t\t<div class=\"elementor-widget-container\">\n\t\t\t\t\t<a href=\"\/fr\/contact-us\/\" class=\"hx-elementor-button hellix-button button  -white button -md -white\">\n\t\t\t\t\t\t<span class=\"hellix-elementor-button-text\">D\u00e9marrer mon projet<\/span>\n\t\t\t\t\t\t\t\n\t\t<\/a>\n\t\t\t\t<\/div>\n\t\t\t\t<\/div>\n\t\t\t\t\t<\/div>\n\t\t<\/div>\n\t\t\t\t\t<\/div>\n\t\t<\/section>\n\t\t\t\t<\/div>\n\t\t\t\t<\/div>\n\t\t\t\t<\/div>\n\t\t\t\t<\/div>\n\t\t\t\t<\/div>\n\t\t\t\t<\/div>\n\t\t","protected":false},"excerpt":{"rendered":"<p>explorer les fonctionnalit\u00e9s Financial Service \u00c0 propos de nous BELAIR Exchange BELAIR Exchange est une destination de confiance pour les services de change de devises, offrant \u00e0 nos clients des taux de change comp\u00e9titifs avec une garantie de rapidit\u00e9 et d&rsquo;efficacit\u00e9. Notre agence est strat\u00e9giquement situ\u00e9e et utilise les derni\u00e8res technologies pour offrir une exp\u00e9rience [&hellip;]<\/p>\n","protected":false},"author":1,"featured_media":0,"parent":0,"menu_order":0,"comment_status":"closed","ping_status":"closed","template":"elementor_header_footer","meta":{"_acf_changed":false,"footnotes":""},"class_list":["post-20327","page","type-page","status-publish","hentry"],"acf":[],"_links":{"self":[{"href":"https:\/\/radiksgroup.com\/fr\/wp-json\/wp\/v2\/pages\/20327","targetHints":{"allow":["GET"]}}],"collection":[{"href":"https:\/\/radiksgroup.com\/fr\/wp-json\/wp\/v2\/pages"}],"about":[{"href":"https:\/\/radiksgroup.com\/fr\/wp-json\/wp\/v2\/types\/page"}],"author":[{"embeddable":true,"href":"https:\/\/radiksgroup.com\/fr\/wp-json\/wp\/v2\/users\/1"}],"replies":[{"embeddable":true,"href":"https:\/\/radiksgroup.com\/fr\/wp-json\/wp\/v2\/comments?post=20327"}],"version-history":[{"count":4,"href":"https:\/\/radiksgroup.com\/fr\/wp-json\/wp\/v2\/pages\/20327\/revisions"}],"predecessor-version":[{"id":20334,"href":"https:\/\/radiksgroup.com\/fr\/wp-json\/wp\/v2\/pages\/20327\/revisions\/20334"}],"wp:attachment":[{"href":"https:\/\/radiksgroup.com\/fr\/wp-json\/wp\/v2\/media?parent=20327"}],"curies":[{"name":"wp","href":"https:\/\/api.w.org\/{rel}","templated":true}]}}