{"id":15977,"date":"2022-04-14T08:30:04","date_gmt":"2022-04-14T08:30:04","guid":{"rendered":"https:\/\/radisgroup.ahmadalkhuleyf.net\/blog\/"},"modified":"2024-11-30T08:47:07","modified_gmt":"2024-11-30T08:47:07","slug":"blog","status":"publish","type":"page","link":"https:\/\/radiksgroup.com\/fr\/blog\/","title":{"rendered":"Blog"},"content":{"rendered":"\t\t<div data-elementor-type=\"wp-page\" data-elementor-id=\"15977\" class=\"elementor elementor-15977 elementor-13578\" data-elementor-post-type=\"page\">\n\t\t\t\t\t\t<section class=\"elementor-section elementor-top-section elementor-element elementor-element-b072727 elementor-section-full_width page-masthead bg-image js-lazy loaded page-masthead__bg elementor-section-height-default elementor-section-height-default\" data-id=\"b072727\" data-element_type=\"section\" data-settings=\"{&quot;background_background&quot;:&quot;classic&quot;}\" data-parallax=\"0.6\">\n\t\t\t\t\t\t<div class=\"elementor-container elementor-column-gap-default container\">\n\t\t\t\t\t<div class=\"elementor-column elementor-col-100 elementor-top-column elementor-element elementor-element-8ea43bf\" data-id=\"8ea43bf\" data-element_type=\"column\">\n\t\t\t<div class=\"p-0 page-masthead__content elementor-widget-wrap elementor-element-populated\">\n\t\t\t\t\t\t<div class=\"elementor-section elementor-inner-section elementor-element elementor-element-e473533 elementor-section-full_width elementor-section-height-default elementor-section-height-default\" data-id=\"e473533\" data-element_type=\"section\">\n\t\t\t\t\t\t<div class=\"elementor-container elementor-column-gap-default row justify-content-between md:justify-content-center align-items-center row-margin\">\n\t\t\t\t\t<div class=\"elementor-column elementor-col-50 elementor-inner-column elementor-element elementor-element-923ede5 col-lg-9 col-md-10\" data-id=\"923ede5\" data-element_type=\"column\" data-anim=\"slide-up delay-1\">\n\t\t\t<div class=\"p-0 elementor-widget-wrap elementor-element-populated\">\n\t\t\t\t\t\t<div class=\"elementor-element elementor-element-950e5bc elementor-widget elementor-widget-highlighted-heading\" data-id=\"950e5bc\" data-element_type=\"widget\" data-widget_type=\"highlighted-heading.default\">\n\t\t\t\t<div class=\"elementor-widget-container\">\n\t\t\t<div class=\"highlighted-heading__title page-masthead__subtitle\">explore the features<\/div>\t\t<\/div>\n\t\t\t\t<\/div>\n\t\t\t\t<div class=\"elementor-element elementor-element-ea2f7fd elementor-widget elementor-widget-highlighted-heading\" data-id=\"ea2f7fd\" data-element_type=\"widget\" data-widget_type=\"highlighted-heading.default\">\n\t\t\t\t<div class=\"elementor-widget-container\">\n\t\t\t<h1 class=\"highlighted-heading__title page-masthead__title text-white\">Blog<\/h1>\t\t<\/div>\n\t\t\t\t<\/div>\n\t\t\t\t\t<\/div>\n\t\t<\/div>\n\t\t\t\t<div class=\"elementor-column elementor-col-50 elementor-inner-column elementor-element elementor-element-a2c5cdb col-lg-auto col-12\" data-id=\"a2c5cdb\" data-element_type=\"column\">\n\t\t\t<div class=\"p-0 elementor-widget-wrap elementor-element-populated\">\n\t\t\t\t\t\t<div class=\"elementor-element elementor-element-f6104f7 elementor-widget elementor-widget-hx-breadcrumb\" data-id=\"f6104f7\" data-element_type=\"widget\" data-widget_type=\"hx-breadcrumb.default\">\n\t\t\t\t<div class=\"elementor-widget-container\">\n\t\t\t<div data-anim=\"slide-up delay-1\" class=\"page-masthead-bread text-white md:mt-24 text-right\"><a data-barba class=\"page-masthead-bread__item active\">Accueil<\/a><\/div>\t\t<\/div>\n\t\t\t\t<\/div>\n\t\t\t\t\t<\/div>\n\t\t<\/div>\n\t\t\t\t\t<\/div>\n\t\t<\/div>\n\t\t\t\t\t<\/div>\n\t\t<\/div>\n\t\t\t\t\t<\/div>\n\t\t<\/section>\n\t\t\t\t<div class=\"elementor-section elementor-top-section elementor-element elementor-element-4fe43a43 elementor-section-full_width layout-pt-md layout-pb-md elementor-section-height-default elementor-section-height-default\" data-id=\"4fe43a43\" data-element_type=\"section\">\n\t\t\t\t\t\t<div class=\"elementor-container elementor-column-gap-default container\">\n\t\t\t\t\t<div class=\"elementor-column elementor-col-100 elementor-top-column elementor-element elementor-element-ba81728\" data-id=\"ba81728\" data-element_type=\"column\">\n\t\t\t<div class=\"p-0 elementor-widget-wrap elementor-element-populated\">\n\t\t\t\t\t\t<div class=\"elementor-element elementor-element-85cfe3a elementor-grid-tablet-2 elementor-grid-mobile-1 load-more-align-center elementor-widget elementor-widget-hx-posts\" data-id=\"85cfe3a\" data-element_type=\"widget\" data-settings=\"{&quot;pagination_type&quot;:&quot;load_more_on_click&quot;,&quot;load_more_spinner&quot;:{&quot;value&quot;:&quot;&quot;,&quot;library&quot;:&quot;&quot;},&quot;hellix_posts_v2_columns_tablet&quot;:&quot;2&quot;,&quot;hellix_posts_v2_columns_mobile&quot;:&quot;1&quot;}\" data-widget_type=\"hx-posts.hellix-posts-v2\">\n\t\t\t\t<div class=\"elementor-widget-container\">\n\t\t\t\t\t <div class=\"row y-gap-32 layout-pt-sm elementor-posts-container\">\n\t\t\t\t<div class=\"col-lg-4 col-md-6 hx-article\">\n\t\t\t<div data-anim=\"img-right cover-black\" class=\"blog -hover\">\n\t\t\t\t\t\t<a data-barba href=\"https:\/\/radiksgroup.com\/fr\/bosphorus-summit-2023\/\">\n\t\t\t\t\t<div class=\"blog__image\">\n\t\t\t\t\t\t\t<div class=\"ratio ratio-41:35\">\n\t\t\t\t<img fetchpriority=\"high\" decoding=\"async\" width=\"1200\" height=\"675\" src=\"https:\/\/radiksgroup.com\/wp-content\/uploads\/2022\/04\/405747546_122140019054018868_8866936611770215131_n.jpg\" class=\"ratio-img h-100 attachment-full size-full wp-image-15638\" alt=\"\" srcset=\"https:\/\/radiksgroup.com\/wp-content\/uploads\/2022\/04\/405747546_122140019054018868_8866936611770215131_n.jpg 1200w, https:\/\/radiksgroup.com\/wp-content\/uploads\/2022\/04\/405747546_122140019054018868_8866936611770215131_n-300x169.jpg 300w, https:\/\/radiksgroup.com\/wp-content\/uploads\/2022\/04\/405747546_122140019054018868_8866936611770215131_n-1024x576.jpg 1024w, https:\/\/radiksgroup.com\/wp-content\/uploads\/2022\/04\/405747546_122140019054018868_8866936611770215131_n-768x432.jpg 768w\" sizes=\"(max-width: 1200px) 100vw, 1200px\" \/>\t\t\t<\/div>\n\t\t   \t\t\t\t<div class=\"blog__category\">\n\t\t\t\t\tNews\t\t\t\t<\/div>\n\t\t\t\t\t<\/div>\n\t\t<\/a>\n\t\t\t\t<div class=\"blog__content px-40 py-30 sm:px-24 sm:py-24 bg-white\">\n\t\t\t<div class=\"blog__info\">\n\t\t\t\t\t\t<a class =\"hellix-post__meta-data uppercase \" data-barba href=\"#\">\n\t\t\tjanvier 7, 2022\t\t<\/a>\n\t\t\t\t\t<\/div>\n\t\t\t\t\t<h3 class=\"hellix-post__title blog__title text-black\">\n\t\tSommet du Bosphore 2023\t\t<\/h3>\n\t\t\t\t\n\t\t<a class=\"hellix-post__text hellix-post__read-more blog__button button -simple text-black\" href=\"https:\/\/radiksgroup.com\/fr\/bosphorus-summit-2023\/\" >\n\t\t\tRead More\t\t<\/a>\n\t\t\t\t<\/div>\n\t\t\t\t\t<\/div>\n\t\t<\/div>\n\t\t\t\t<div class=\"col-lg-4 col-md-6 hx-article\">\n\t\t\t<div data-anim=\"img-right cover-black\" class=\"blog -hover\">\n\t\t\t\t\t\t<a data-barba href=\"https:\/\/radiksgroup.com\/fr\/dubaipmc\/\">\n\t\t\t\t\t<div class=\"blog__image\">\n\t\t\t\t\t\t\t<div class=\"ratio ratio-41:35\">\n\t\t\t\t<img decoding=\"async\" width=\"1200\" height=\"800\" src=\"https:\/\/radiksgroup.com\/wp-content\/uploads\/2023\/12\/WhatsApp-Image-2024-02-10-at-11.26.24-AM.jpeg\" class=\"ratio-img h-100 attachment-full size-full wp-image-16756\" alt=\"\" srcset=\"https:\/\/radiksgroup.com\/wp-content\/uploads\/2023\/12\/WhatsApp-Image-2024-02-10-at-11.26.24-AM.jpeg 1200w, https:\/\/radiksgroup.com\/wp-content\/uploads\/2023\/12\/WhatsApp-Image-2024-02-10-at-11.26.24-AM-300x200.jpeg 300w, https:\/\/radiksgroup.com\/wp-content\/uploads\/2023\/12\/WhatsApp-Image-2024-02-10-at-11.26.24-AM-1024x683.jpeg 1024w, https:\/\/radiksgroup.com\/wp-content\/uploads\/2023\/12\/WhatsApp-Image-2024-02-10-at-11.26.24-AM-768x512.jpeg 768w\" sizes=\"(max-width: 1200px) 100vw, 1200px\" \/>\t\t\t<\/div>\n\t\t   \t\t\t\t<div class=\"blog__category\">\n\t\t\t\t\tNouvelles\t\t\t\t<\/div>\n\t\t\t\t\t<\/div>\n\t\t<\/a>\n\t\t\t\t<div class=\"blog__content px-40 py-30 sm:px-24 sm:py-24 bg-white\">\n\t\t\t<div class=\"blog__info\">\n\t\t\t\t\t\t<a class =\"hellix-post__meta-data uppercase \" data-barba href=\"#\">\n\t\t\td\u00e9cembre 24, 2023\t\t<\/a>\n\t\t\t\t\t<\/div>\n\t\t\t\t\t<h3 class=\"hellix-post__title blog__title text-black hellix-post__title blog__title text-black\">\n\t\tVICENZAORO &#8211; LE SALON DE LA BOUTIQUE DE BIJOUX\t\t<\/h3>\n\t\t\t\t\n\t\t<a class=\"hellix-post__text hellix-post__read-more blog__button button -simple text-black\" href=\"https:\/\/radiksgroup.com\/fr\/dubaipmc\/\" >\n\t\t\tRead More\t\t<\/a>\n\t\t\t\t<\/div>\n\t\t\t\t\t<\/div>\n\t\t<\/div>\n\t\t\t\t<div class=\"col-lg-4 col-md-6 hx-article\">\n\t\t\t<div data-anim=\"img-right cover-black\" class=\"blog -hover\">\n\t\t\t\t\t\t<a data-barba href=\"https:\/\/radiksgroup.com\/fr\/dubai-pmc\/\">\n\t\t\t\t\t<div class=\"blog__image\">\n\t\t\t\t\t\t\t<div class=\"ratio ratio-41:35\">\n\t\t\t\t<img decoding=\"async\" width=\"1200\" height=\"675\" src=\"https:\/\/radiksgroup.com\/wp-content\/uploads\/2023\/12\/406032522_122140510742018868_839489707205019992_n.jpg\" class=\"ratio-img h-100 attachment-full size-full wp-image-15640\" alt=\"\" srcset=\"https:\/\/radiksgroup.com\/wp-content\/uploads\/2023\/12\/406032522_122140510742018868_839489707205019992_n.jpg 1200w, https:\/\/radiksgroup.com\/wp-content\/uploads\/2023\/12\/406032522_122140510742018868_839489707205019992_n-300x169.jpg 300w, https:\/\/radiksgroup.com\/wp-content\/uploads\/2023\/12\/406032522_122140510742018868_839489707205019992_n-1024x576.jpg 1024w, https:\/\/radiksgroup.com\/wp-content\/uploads\/2023\/12\/406032522_122140510742018868_839489707205019992_n-768x432.jpg 768w\" sizes=\"(max-width: 1200px) 100vw, 1200px\" \/>\t\t\t<\/div>\n\t\t   \t\t\t\t<div class=\"blog__category\">\n\t\t\t\t\tNouvelles\t\t\t\t<\/div>\n\t\t\t\t\t<\/div>\n\t\t<\/a>\n\t\t\t\t<div class=\"blog__content px-40 py-30 sm:px-24 sm:py-24 bg-white\">\n\t\t\t<div class=\"blog__info\">\n\t\t\t\t\t\t<a class =\"hellix-post__meta-data uppercase \" data-barba href=\"#\">\n\t\t\td\u00e9cembre 24, 2023\t\t<\/a>\n\t\t\t\t\t<\/div>\n\t\t\t\t\t<h3 class=\"hellix-post__title blog__title text-black hellix-post__title blog__title text-black hellix-post__title blog__title text-black\">\n\t\tConf\u00e9rence de Duba\u00ef sur les M\u00e9taux Pr\u00e9cieux\t\t<\/h3>\n\t\t\t\t\n\t\t<a class=\"hellix-post__text hellix-post__read-more blog__button button -simple text-black\" href=\"https:\/\/radiksgroup.com\/fr\/dubai-pmc\/\" >\n\t\t\tRead More\t\t<\/a>\n\t\t\t\t<\/div>\n\t\t\t\t\t<\/div>\n\t\t<\/div>\n\t\t\t\t<div class=\"col-lg-4 col-md-6 hx-article\">\n\t\t\t<div data-anim=\"img-right cover-black\" class=\"blog -hover\">\n\t\t\t\t\t\t<a data-barba href=\"https:\/\/radiksgroup.com\/fr\/when-was-the-istanbul-international-jewelry-fair-held-in-2023\/\">\n\t\t\t\t\t<div class=\"blog__image\">\n\t\t\t\t\t\t\t<div class=\"ratio ratio-41:35\">\n\t\t\t\t<img loading=\"lazy\" decoding=\"async\" width=\"1424\" height=\"800\" src=\"https:\/\/radiksgroup.com\/wp-content\/uploads\/2024\/02\/0Z7A4974-1-1-e1732024398862.jpg\" class=\"ratio-img h-100 attachment-full size-full wp-image-15878\" alt=\"\" \/>\t\t\t<\/div>\n\t\t   \t\t\t\t<div class=\"blog__category\">\n\t\t\t\t\tNouvelles\t\t\t\t<\/div>\n\t\t\t\t\t<\/div>\n\t\t<\/a>\n\t\t\t\t<div class=\"blog__content px-40 py-30 sm:px-24 sm:py-24 bg-white\">\n\t\t\t<div class=\"blog__info\">\n\t\t\t\t\t\t<a class =\"hellix-post__meta-data uppercase \" data-barba href=\"#\">\n\t\t\tf\u00e9vrier 2, 2024\t\t<\/a>\n\t\t\t\t\t<\/div>\n\t\t\t\t\t<h3 class=\"hellix-post__title blog__title text-black hellix-post__title blog__title text-black hellix-post__title blog__title text-black hellix-post__title blog__title text-black\">\n\t\tQuand s&rsquo;est tenue la Foire internationale de la bijouterie d&rsquo;Istanbul en 2023 ?\t\t<\/h3>\n\t\t\t\t\n\t\t<a class=\"hellix-post__text hellix-post__read-more blog__button button -simple text-black\" href=\"https:\/\/radiksgroup.com\/fr\/when-was-the-istanbul-international-jewelry-fair-held-in-2023\/\" >\n\t\t\tRead More\t\t<\/a>\n\t\t\t\t<\/div>\n\t\t\t\t\t<\/div>\n\t\t<\/div>\n\t\t\t\t<div class=\"col-lg-4 col-md-6 hx-article\">\n\t\t\t<div data-anim=\"img-right cover-black\" class=\"blog -hover\">\n\t\t\t\t\t\t<a data-barba href=\"https:\/\/radiksgroup.com\/fr\/investir-dans-lor-un-refuge-sur-face-aux-changements-economiques-mondiaux\/\">\n\t\t\t\t\t<div class=\"blog__image\">\n\t\t\t\t\t\t\t<div class=\"ratio ratio-41:35\">\n\t\t\t\t<img loading=\"lazy\" decoding=\"async\" width=\"1200\" height=\"801\" src=\"https:\/\/radiksgroup.com\/wp-content\/uploads\/2024\/02\/WhatsApp-Image-2024-02-21-at-3.52.42-PM-e1732024366977.jpeg\" class=\"ratio-img h-100 attachment-full size-full wp-image-18458\" alt=\"\" \/>\t\t\t<\/div>\n\t\t   \t\t\t\t<div class=\"blog__category\">\n\t\t\t\t\tNouvelles\t\t\t\t<\/div>\n\t\t\t\t\t<\/div>\n\t\t<\/a>\n\t\t\t\t<div class=\"blog__content px-40 py-30 sm:px-24 sm:py-24 bg-white\">\n\t\t\t<div class=\"blog__info\">\n\t\t\t\t\t\t<a class =\"hellix-post__meta-data uppercase \" data-barba href=\"#\">\n\t\t\tf\u00e9vrier 26, 2024\t\t<\/a>\n\t\t\t\t\t<\/div>\n\t\t\t\t\t<h3 class=\"hellix-post__title blog__title text-black hellix-post__title blog__title text-black hellix-post__title blog__title text-black hellix-post__title blog__title text-black hellix-post__title blog__title text-black\">\n\t\tInvestir dans l&rsquo;Or : Un Refuge S\u00fbr Face aux Changements \u00c9conomiques Mondiaux\t\t<\/h3>\n\t\t\t\t\n\t\t<a class=\"hellix-post__text hellix-post__read-more blog__button button -simple text-black\" href=\"https:\/\/radiksgroup.com\/fr\/investir-dans-lor-un-refuge-sur-face-aux-changements-economiques-mondiaux\/\" >\n\t\t\tRead More\t\t<\/a>\n\t\t\t\t<\/div>\n\t\t\t\t\t<\/div>\n\t\t<\/div>\n\t\t\t\t<div class=\"col-lg-4 col-md-6 hx-article\">\n\t\t\t<div data-anim=\"img-right cover-black\" class=\"blog -hover\">\n\t\t\t\t\t\t<a data-barba href=\"https:\/\/radiksgroup.com\/fr\/quest-ce-qui-determine-le-prix-de-lor\/\">\n\t\t\t\t\t<div class=\"blog__image\">\n\t\t\t\t\t\t\t<div class=\"ratio ratio-41:35\">\n\t\t\t\t<img loading=\"lazy\" decoding=\"async\" width=\"1440\" height=\"800\" src=\"https:\/\/radiksgroup.com\/wp-content\/uploads\/2024\/02\/Investing-in-gold-1-e1732024339401.jpg\" class=\"ratio-img h-100 attachment-full size-full wp-image-15814\" alt=\"\" \/>\t\t\t<\/div>\n\t\t   \t\t\t\t<div class=\"blog__category\">\n\t\t\t\t\tNouvelles\t\t\t\t<\/div>\n\t\t\t\t\t<\/div>\n\t\t<\/a>\n\t\t\t\t<div class=\"blog__content px-40 py-30 sm:px-24 sm:py-24 bg-white\">\n\t\t\t<div class=\"blog__info\">\n\t\t\t\t\t\t<a class =\"hellix-post__meta-data uppercase \" data-barba href=\"#\">\n\t\t\tmai 17, 2024\t\t<\/a>\n\t\t\t\t\t<\/div>\n\t\t\t\t\t<h3 class=\"hellix-post__title blog__title text-black hellix-post__title blog__title text-black hellix-post__title blog__title text-black hellix-post__title blog__title text-black hellix-post__title blog__title text-black hellix-post__title blog__title text-black\">\n\t\tQu&rsquo;est-ce qui d\u00e9termine le prix de l&rsquo;or?\t\t<\/h3>\n\t\t\t\t\n\t\t<a class=\"hellix-post__text hellix-post__read-more blog__button button -simple text-black\" href=\"https:\/\/radiksgroup.com\/fr\/quest-ce-qui-determine-le-prix-de-lor\/\" >\n\t\t\tRead More\t\t<\/a>\n\t\t\t\t<\/div>\n\t\t\t\t\t<\/div>\n\t\t<\/div>\n\t\t\t\t<\/div> \n\t\t\n\t\t\n\t\t\t\t<\/div>\n\t\t\t\t<\/div>\n\t\t\t\t\t<\/div>\n\t\t<\/div>\n\t\t\t\t\t<\/div>\n\t\t<\/div>\n\t\t\t\t<\/div>\n\t\t","protected":false},"excerpt":{"rendered":"<p>explore the features Blog Nouvelles January 7, 2022 Sommet du Bosphore 2023 Read More Nouvelles December 24, 2023 VICENZAORO &#8211; LE SALON DE LA BOUTIQUE DE BIJOUX Read More Nouvelles December 24, 2023 Conf\u00e9rence de Duba\u00ef sur les M\u00e9taux Pr\u00e9cieux Read More Nouvelles February 2, 2024 Quand s&#8217;est tenue la Foire internationale de la bijouterie [&hellip;]<\/p>\n","protected":false},"author":1,"featured_media":0,"parent":0,"menu_order":0,"comment_status":"closed","ping_status":"closed","template":"elementor_header_footer","meta":{"_acf_changed":false,"footnotes":""},"class_list":["post-15977","page","type-page","status-publish","hentry"],"acf":[],"_links":{"self":[{"href":"https:\/\/radiksgroup.com\/fr\/wp-json\/wp\/v2\/pages\/15977","targetHints":{"allow":["GET"]}}],"collection":[{"href":"https:\/\/radiksgroup.com\/fr\/wp-json\/wp\/v2\/pages"}],"about":[{"href":"https:\/\/radiksgroup.com\/fr\/wp-json\/wp\/v2\/types\/page"}],"author":[{"embeddable":true,"href":"https:\/\/radiksgroup.com\/fr\/wp-json\/wp\/v2\/users\/1"}],"replies":[{"embeddable":true,"href":"https:\/\/radiksgroup.com\/fr\/wp-json\/wp\/v2\/comments?post=15977"}],"version-history":[{"count":7,"href":"https:\/\/radiksgroup.com\/fr\/wp-json\/wp\/v2\/pages\/15977\/revisions"}],"predecessor-version":[{"id":20710,"href":"https:\/\/radiksgroup.com\/fr\/wp-json\/wp\/v2\/pages\/15977\/revisions\/20710"}],"wp:attachment":[{"href":"https:\/\/radiksgroup.com\/fr\/wp-json\/wp\/v2\/media?parent=15977"}],"curies":[{"name":"wp","href":"https:\/\/api.w.org\/{rel}","templated":true}]}}