{"id":15950,"date":"2024-01-02T19:00:09","date_gmt":"2024-01-02T19:00:09","guid":{"rendered":"https:\/\/radisgroup.ahmadalkhuleyf.net\/radiks-jewellery\/"},"modified":"2024-11-21T12:48:00","modified_gmt":"2024-11-21T12:48:00","slug":"radiks-jewellery","status":"publish","type":"page","link":"https:\/\/radiksgroup.com\/fr\/radiks-jewellery\/","title":{"rendered":"Radiks Jewellery"},"content":{"rendered":"\t\t<div data-elementor-type=\"wp-page\" data-elementor-id=\"15950\" class=\"elementor elementor-15950 elementor-14625\" data-elementor-post-type=\"page\">\n\t\t\t\t\t\t<section class=\"elementor-section elementor-top-section elementor-element elementor-element-2b114cb0 elementor-section-full_width page-masthead bg-image js-lazy loaded page-masthead__bg elementor-section-height-default elementor-section-height-default\" data-id=\"2b114cb0\" data-element_type=\"section\" data-settings=\"{&quot;background_background&quot;:&quot;classic&quot;}\" data-parallax=\"0.6\">\n\t\t\t\t\t\t<div class=\"elementor-container elementor-column-gap-default container\">\n\t\t\t\t\t<div class=\"elementor-column elementor-col-100 elementor-top-column elementor-element elementor-element-685865c3\" data-id=\"685865c3\" data-element_type=\"column\">\n\t\t\t<div class=\"p-0 page-masthead__content elementor-widget-wrap elementor-element-populated\">\n\t\t\t\t\t\t<div class=\"elementor-section elementor-inner-section elementor-element elementor-element-8c20ca6 elementor-section-full_width elementor-section-height-default elementor-section-height-default\" data-id=\"8c20ca6\" data-element_type=\"section\">\n\t\t\t\t\t\t<div class=\"elementor-container elementor-column-gap-default row justify-content-between md:justify-content-center align-items-center row-margin\">\n\t\t\t\t\t<div class=\"elementor-column elementor-col-50 elementor-inner-column elementor-element elementor-element-2066d504 col-lg-9 col-md-10\" data-id=\"2066d504\" data-element_type=\"column\" data-anim=\"slide-up delay-1\">\n\t\t\t<div class=\"p-0 elementor-widget-wrap elementor-element-populated\">\n\t\t\t\t\t\t<div class=\"elementor-element elementor-element-5233b65d elementor-widget elementor-widget-highlighted-heading\" data-id=\"5233b65d\" data-element_type=\"widget\" data-widget_type=\"highlighted-heading.default\">\n\t\t\t\t<div class=\"elementor-widget-container\">\n\t\t\t<div class=\"highlighted-heading__title page-masthead__subtitle\">explorer les fonctionnalit\u00e9s<\/div>\t\t<\/div>\n\t\t\t\t<\/div>\n\t\t\t\t<div class=\"elementor-element elementor-element-409201ff elementor-widget elementor-widget-highlighted-heading\" data-id=\"409201ff\" data-element_type=\"widget\" data-widget_type=\"highlighted-heading.default\">\n\t\t\t\t<div class=\"elementor-widget-container\">\n\t\t\t<h1 class=\"highlighted-heading__title page-masthead__title text-white\">Radiks Jewellery<\/h1>\t\t<\/div>\n\t\t\t\t<\/div>\n\t\t\t\t\t<\/div>\n\t\t<\/div>\n\t\t\t\t<div class=\"elementor-column elementor-col-50 elementor-inner-column elementor-element elementor-element-70717069 col-lg-auto col-12\" data-id=\"70717069\" data-element_type=\"column\">\n\t\t\t<div class=\"p-0 elementor-widget-wrap elementor-element-populated\">\n\t\t\t\t\t\t<div class=\"elementor-element elementor-element-1d82a661 elementor-widget elementor-widget-hx-breadcrumb\" data-id=\"1d82a661\" data-element_type=\"widget\" data-widget_type=\"hx-breadcrumb.default\">\n\t\t\t\t<div class=\"elementor-widget-container\">\n\t\t\t<div data-anim=\"slide-up delay-1\" class=\"page-masthead-bread text-white md:mt-24 text-right\"><a data-barba class=\"page-masthead-bread__item active\">Accueil<\/a><\/div>\t\t<\/div>\n\t\t\t\t<\/div>\n\t\t\t\t\t<\/div>\n\t\t<\/div>\n\t\t\t\t\t<\/div>\n\t\t<\/div>\n\t\t\t\t\t<\/div>\n\t\t<\/div>\n\t\t\t\t\t<\/div>\n\t\t<\/section>\n\t\t\t\t<section class=\"elementor-section elementor-top-section elementor-element elementor-element-4f5c0b39 elementor-section-full_width layout-pt-md layout-pb-md background-color elementor-section-height-default elementor-section-height-default\" data-id=\"4f5c0b39\" data-element_type=\"section\">\n\t\t\t\t\t\t<div class=\"elementor-container elementor-column-gap-default container\">\n\t\t\t\t\t<div class=\"elementor-column elementor-col-100 elementor-top-column elementor-element elementor-element-20ae5c0\" data-id=\"20ae5c0\" data-element_type=\"column\" data-anim-wrap=\"\">\n\t\t\t<div class=\"p-0 elementor-widget-wrap elementor-element-populated\">\n\t\t\t\t\t\t<div class=\"elementor-section elementor-inner-section elementor-element elementor-element-136306a8 elementor-section-full_width elementor-section-height-default elementor-section-height-default\" data-id=\"136306a8\" data-element_type=\"section\" data-anim-wrap=\"\">\n\t\t\t\t\t\t<div class=\"elementor-container elementor-column-gap-default row justify-content-between align-items-center row-margin\">\n\t\t\t\t\t<div class=\"elementor-column elementor-col-50 elementor-inner-column elementor-element elementor-element-2d7ff78c col-lg-5 col-md-10\" data-id=\"2d7ff78c\" data-element_type=\"column\" data-anim-child=\"slide-right delay-3\">\n\t\t\t<div class=\"p-0 sectionHeading -left-line -about pr-12 lg:pr-0 elementor-widget-wrap elementor-element-populated\">\n\t\t\t\t\t\t<div class=\"elementor-element elementor-element-5546f889 elementor-widget elementor-widget-highlighted-heading\" data-id=\"5546f889\" data-element_type=\"widget\" data-widget_type=\"highlighted-heading.default\">\n\t\t\t\t<div class=\"elementor-widget-container\">\n\t\t\t<span class=\"highlighted-heading__title sectionHeading__subtitle\">\u00c0 propos de nous<\/span>\t\t<\/div>\n\t\t\t\t<\/div>\n\t\t\t\t<div class=\"elementor-element elementor-element-192baf93 elementor-widget elementor-widget-highlighted-heading\" data-id=\"192baf93\" data-element_type=\"widget\" data-widget_type=\"highlighted-heading.default\">\n\t\t\t\t<div class=\"elementor-widget-container\">\n\t\t\t<h2 class=\"highlighted-heading__title sectionHeading__title\">Lib\u00e9rez-vous pour d\u00e9couvrir la magie des bijoux.<\/h2>\t\t<\/div>\n\t\t\t\t<\/div>\n\t\t\t\t<div class=\"elementor-element elementor-element-a026bb1 elementor-widget elementor-widget-highlighted-heading\" data-id=\"a026bb1\" data-element_type=\"widget\" data-widget_type=\"highlighted-heading.default\">\n\t\t\t\t<div class=\"elementor-widget-container\">\n\t\t\t<p class=\"highlighted-heading__title sectionHeading__text\">Radiks Jewellery est une entreprise du groupe Radiks sp\u00e9cialis\u00e9e dans le commerce de gros et l'exportation de bijoux de Turquie. Nous sommes une \u00e9quipe de professionnels passionn\u00e9s par les bijoux et nous nous engageons \u00e0 fournir \u00e0 nos clients des produits de haute qualit\u00e9 et un service exceptionnel. <\/p>\t\t<\/div>\n\t\t\t\t<\/div>\n\t\t\t\t<div class=\"elementor-element elementor-element-c2feb3f sectionHeading__button elementor-widget elementor-widget-button\" data-id=\"c2feb3f\" data-element_type=\"widget\" data-widget_type=\"button.button-hellix\">\n\t\t\t\t<div class=\"elementor-widget-container\">\n\t\t\t\t\t<a href=\"https:\/\/radiksjewellery.com\/\" target=\"_blank\" class=\"hx-elementor-button hellix-button button  -dark button -md -dark text-white\">\n\t\t\t\t\t\t<span class=\"hellix-elementor-button-text\">VISITE DU SITE WEB<\/span>\n\t\t\t\t\t\t\t\n\t\t<\/a>\n\t\t\t\t<\/div>\n\t\t\t\t<\/div>\n\t\t\t\t\t<\/div>\n\t\t<\/div>\n\t\t\t\t<div class=\"elementor-column elementor-col-50 elementor-inner-column elementor-element elementor-element-587651e6 col-xl-6 col-lg-7 col-12\" data-id=\"587651e6\" data-element_type=\"column\">\n\t\t\t<div class=\"p-0 background-cover -left -dark md:mt-60 elementor-widget-wrap elementor-element-populated\">\n\t\t\t\t\t\t<div class=\"elementor-element elementor-element-2d83e110 elementor-widget elementor-widget-image\" data-id=\"2d83e110\" data-element_type=\"widget\" data-widget_type=\"image.default\">\n\t\t\t\t<div class=\"elementor-widget-container\">\n\t\t\t<style>\/*! elementor - v3.19.0 - 28-02-2024 *\/\n.elementor-widget-image{text-align:center}.elementor-widget-image a{display:inline-block}.elementor-widget-image a img[src$=\".svg\"]{width:48px}.elementor-widget-image img{vertical-align:middle;display:inline-block}<\/style><div class=\"wrapper_css ratio ratio-4:3 \" data-anim-child=\"img-right cover-black\">\t\t\t\t\t\t\t\t\t\t<img fetchpriority=\"high\" decoding=\"async\" width=\"1680\" height=\"1120\" src=\"https:\/\/radiksgroup.com\/wp-content\/uploads\/2024\/01\/0Z7A2942-1-1.jpg\" class=\"ratio-img h-100 attachment-full size-full wp-image-14984\" alt=\"\" srcset=\"https:\/\/radiksgroup.com\/wp-content\/uploads\/2024\/01\/0Z7A2942-1-1.jpg 1680w, https:\/\/radiksgroup.com\/wp-content\/uploads\/2024\/01\/0Z7A2942-1-1-300x200.jpg 300w, https:\/\/radiksgroup.com\/wp-content\/uploads\/2024\/01\/0Z7A2942-1-1-1024x683.jpg 1024w, https:\/\/radiksgroup.com\/wp-content\/uploads\/2024\/01\/0Z7A2942-1-1-768x512.jpg 768w, https:\/\/radiksgroup.com\/wp-content\/uploads\/2024\/01\/0Z7A2942-1-1-1536x1024.jpg 1536w\" sizes=\"(max-width: 1680px) 100vw, 1680px\" \/>\t\t\t\t\t\t\t\t\t\t\t<\/div>\t\t<\/div>\n\t\t\t\t<\/div>\n\t\t\t\t\t<\/div>\n\t\t<\/div>\n\t\t\t\t\t<\/div>\n\t\t<\/div>\n\t\t\t\t\t<\/div>\n\t\t<\/div>\n\t\t\t\t\t<\/div>\n\t\t<\/section>\n\t\t\t\t<section class=\"elementor-section elementor-top-section elementor-element elementor-element-39e5ea7 elementor-section-full_width elementor-section-height-default elementor-section-height-default\" data-id=\"39e5ea7\" data-element_type=\"section\" data-settings=\"{&quot;background_background&quot;:&quot;classic&quot;}\">\n\t\t\t\t\t\t<div class=\"elementor-container elementor-column-gap-default container\">\n\t\t\t\t\t<div class=\"elementor-column elementor-col-100 elementor-top-column elementor-element elementor-element-e02229c\" data-id=\"e02229c\" data-element_type=\"column\">\n\t\t\t<div class=\"p-0 elementor-widget-wrap elementor-element-populated\">\n\t\t\t\t\t\t<div class=\"elementor-section elementor-inner-section elementor-element elementor-element-8c680aa elementor-section-full_width elementor-section-height-default elementor-section-height-default\" data-id=\"8c680aa\" data-element_type=\"section\">\n\t\t\t\t\t\t<div class=\"elementor-container elementor-column-gap-default row row-margin\">\n\t\t\t\t\t<div class=\"elementor-column elementor-col-100 elementor-inner-column elementor-element elementor-element-4041105 col-12\" data-id=\"4041105\" data-element_type=\"column\">\n\t\t\t<div class=\"p-0 sectionHeading -top-line text-center elementor-widget-wrap elementor-element-populated\">\n\t\t\t\t\t\t<div class=\"elementor-element elementor-element-34d783f elementor-widget elementor-widget-highlighted-heading\" data-id=\"34d783f\" data-element_type=\"widget\" data-widget_type=\"highlighted-heading.default\">\n\t\t\t\t<div class=\"elementor-widget-container\">\n\t\t\t<span class=\"highlighted-heading__title sectionHeading__subtitle\">Ce que nous pouvons vous offrir<\/span>\t\t<\/div>\n\t\t\t\t<\/div>\n\t\t\t\t<div class=\"elementor-element elementor-element-5747584 elementor-widget elementor-widget-highlighted-heading\" data-id=\"5747584\" data-element_type=\"widget\" data-widget_type=\"highlighted-heading.default\">\n\t\t\t\t<div class=\"elementor-widget-container\">\n\t\t\t<h2 class=\"highlighted-heading__title sectionHeading__title mb-0\">D\u00e9couvrez avec nous la magie des cr\u00e9ations de bijoux uniques<\/h2>\t\t<\/div>\n\t\t\t\t<\/div>\n\t\t\t\t\t<\/div>\n\t\t<\/div>\n\t\t\t\t\t<\/div>\n\t\t<\/div>\n\t\t\t\t<div class=\"elementor-section elementor-inner-section elementor-element elementor-element-fa51953 elementor-section-full_width elementor-section-height-default elementor-section-height-default\" data-id=\"fa51953\" data-element_type=\"section\">\n\t\t\t\t\t\t<div class=\"elementor-container elementor-column-gap-default\">\n\t\t\t\t\t<div class=\"elementor-column elementor-col-50 elementor-inner-column elementor-element elementor-element-59e957e\" data-id=\"59e957e\" data-element_type=\"column\">\n\t\t\t<div class=\"elementor-widget-wrap elementor-element-populated\">\n\t\t\t\t\t\t<div class=\"elementor-element elementor-element-e4e8ce8 elementor-widget elementor-widget-icon-box\" data-id=\"e4e8ce8\" data-element_type=\"widget\" data-widget_type=\"icon-box.card-hellix\">\n\t\t\t\t<div class=\"elementor-widget-container\">\n\t\t\t<link rel=\"stylesheet\" href=\"https:\/\/radiksgroup.com\/wp-content\/plugins\/elementor\/assets\/css\/widget-icon-box.min.css\"> \n\t\t<div class=\"service -card -hover\">\n\t\t\t<div class=\"service__content -border\">\n\n\t\t\t\t\n\t\t\t\t\t\t<h3 class=\"service__title elementor-icon-box-title service__title mt-20\">\n\t\t\tDes designs uniques\t\t<\/h3 > \n\t\t\t\t<p class=\"elementor-icon-box-description service__text service__text\">\n\t\t\tRadiks Jewellery propose une large gamme de designs de bijoux uniques et innovants. Nos bijoux sont fabriqu\u00e9s \u00e0 partir de mat\u00e9riaux de haute qualit\u00e9 et sont con\u00e7us pour durer.\n\t\t<\/p> \n\t\t\t\t\t<\/div>\n\t\t<\/div>\n\t\t\t\t<\/div>\n\t\t\t\t<\/div>\n\t\t\t\t\t<\/div>\n\t\t<\/div>\n\t\t\t\t<div class=\"elementor-column elementor-col-50 elementor-inner-column elementor-element elementor-element-b103f81\" data-id=\"b103f81\" data-element_type=\"column\">\n\t\t\t<div class=\"elementor-widget-wrap elementor-element-populated\">\n\t\t\t\t\t\t<div class=\"elementor-element elementor-element-32ab92c elementor-widget elementor-widget-icon-box\" data-id=\"32ab92c\" data-element_type=\"widget\" data-widget_type=\"icon-box.card-hellix\">\n\t\t\t\t<div class=\"elementor-widget-container\">\n\t\t\t \n\t\t<div class=\"service -card -hover\">\n\t\t\t<div class=\"service__content -border\">\n\n\t\t\t\t\n\t\t\t\t\t\t<h3 class=\"service__title elementor-icon-box-title service__title mt-20\">\n\t\t\tPlus qu&#039;une simple bijouterie\t\t<\/h3 > \n\t\t\t\t<p class=\"elementor-icon-box-description service__text service__text\">\n\t\t\tRadiks Jewellery est plus qu'une simple bijouterie. Nous sommes une entreprise qui comprend l'importance des bijoux dans la vie des gens. Nos bijoux sont con\u00e7us pour apporter de la joie et de la beaut\u00e9 aux gens du monde entier.\n\t\t<\/p> \n\t\t\t\t\t<\/div>\n\t\t<\/div>\n\t\t\t\t<\/div>\n\t\t\t\t<\/div>\n\t\t\t\t\t<\/div>\n\t\t<\/div>\n\t\t\t\t\t<\/div>\n\t\t<\/div>\n\t\t\t\t<div class=\"elementor-section elementor-inner-section elementor-element elementor-element-c899e98 elementor-section-full_width elementor-section-height-default elementor-section-height-default\" data-id=\"c899e98\" data-element_type=\"section\">\n\t\t\t\t\t\t<div class=\"elementor-container elementor-column-gap-default\">\n\t\t\t\t\t<div class=\"elementor-column elementor-col-50 elementor-inner-column elementor-element elementor-element-abb11d5\" data-id=\"abb11d5\" data-element_type=\"column\">\n\t\t\t<div class=\"elementor-widget-wrap elementor-element-populated\">\n\t\t\t\t\t\t<div class=\"elementor-element elementor-element-c7b7663 elementor-widget elementor-widget-icon-box\" data-id=\"c7b7663\" data-element_type=\"widget\" data-widget_type=\"icon-box.card-hellix\">\n\t\t\t\t<div class=\"elementor-widget-container\">\n\t\t\t \n\t\t<div class=\"service -card -hover\">\n\t\t\t<div class=\"service__content -border\">\n\n\t\t\t\t\n\t\t\t\t\t\t<h3 class=\"service__title elementor-icon-box-title service__title mt-20\">\n\t\t\tCommerce plus facile et plus s\u00fbr\t\t<\/h3 > \n\t\t\t\t<p class=\"elementor-icon-box-description service__text service__text\">\n\t\t\tNous comprenons les complexit\u00e9s de l'exp\u00e9dition, de la vente en gros et des dynamiques du march\u00e9 mondial. Gr\u00e2ce \u00e0 des partenariats strat\u00e9giques et \u00e0 nos solutions logistiques s\u00e9curis\u00e9es et fiables, nous nous engageons \u00e0 surmonter les d\u00e9fis pour faciliter le commerce de bijoux en Turquie et \u00e0 l'\u00e9tranger.\n\t\t<\/p> \n\t\t\t\t\t<\/div>\n\t\t<\/div>\n\t\t\t\t<\/div>\n\t\t\t\t<\/div>\n\t\t\t\t\t<\/div>\n\t\t<\/div>\n\t\t\t\t<div class=\"elementor-column elementor-col-50 elementor-inner-column elementor-element elementor-element-13d778f\" data-id=\"13d778f\" data-element_type=\"column\">\n\t\t\t<div class=\"elementor-widget-wrap elementor-element-populated\">\n\t\t\t\t\t\t<div class=\"elementor-element elementor-element-4ba70f3 elementor-widget elementor-widget-icon-box\" data-id=\"4ba70f3\" data-element_type=\"widget\" data-widget_type=\"icon-box.card-hellix\">\n\t\t\t\t<div class=\"elementor-widget-container\">\n\t\t\t \n\t\t<div class=\"service -card -hover\">\n\t\t\t<div class=\"service__content -border\">\n\n\t\t\t\t\n\t\t\t\t\t\t<h3 class=\"service__title elementor-icon-box-title service__title mt-20\">\n\t\t\tVotre succ\u00e8s est notre succ\u00e8s\t\t<\/h3 > \n\t\t\t\t<p class=\"elementor-icon-box-description service__text service__text\">\n\t\t\tNous croyons que nos clients sont le point central de notre voyage, et sans eux, notre succ\u00e8s ne peut continuer. Nous nous effor\u00e7ons toujours d'\u00eatre une source constante d'inspiration et d'unicit\u00e9 dans l'esprit de nos clients en offrant des bijoux exceptionnels de haute qualit\u00e9 et une garantie.\n\t\t<\/p> \n\t\t\t\t\t<\/div>\n\t\t<\/div>\n\t\t\t\t<\/div>\n\t\t\t\t<\/div>\n\t\t\t\t\t<\/div>\n\t\t<\/div>\n\t\t\t\t\t<\/div>\n\t\t<\/div>\n\t\t\t\t\t<\/div>\n\t\t<\/div>\n\t\t\t\t\t<\/div>\n\t\t<\/section>\n\t\t<div class=\"elementor-element elementor-element-ecdb113 e-con-full e-flex e-con e-parent\" data-id=\"ecdb113\" data-element_type=\"container\" data-settings=\"{&quot;content_width&quot;:&quot;full&quot;}\" data-core-v316-plus=\"true\">\n\t\t\t\t<div class=\"elementor-element elementor-element-d456a45 elementor-widget elementor-widget-template\" data-id=\"d456a45\" data-element_type=\"widget\" data-widget_type=\"template.default\">\n\t\t\t\t<div class=\"elementor-widget-container\">\n\t\t\t\t\t<div class=\"elementor-template\">\n\t\t\t\t\t<div data-elementor-type=\"section\" data-elementor-id=\"15909\" class=\"elementor elementor-15909 elementor-14538\" data-elementor-post-type=\"elementor_library\">\n\t\t\t\t\t<section class=\"elementor-section elementor-top-section elementor-element elementor-element-8640790 elementor-section-full_width layout-pt-md layout-pb-md bg-beige-dark elementor-section-stretched elementor-section-height-default elementor-section-height-default\" data-id=\"8640790\" data-element_type=\"section\" data-settings=\"{&quot;stretch_section&quot;:&quot;section-stretched&quot;}\">\n\t\t\t\t\t\t<div class=\"elementor-container elementor-column-gap-no no-gutters container justify-content-center text-center px-0\">\n\t\t\t\t\t<div class=\"elementor-column elementor-col-100 elementor-top-column elementor-element elementor-element-5cdeac3 col-xl-7 col-lg-8 col-md-10 px-col mx-auto px-col\" data-id=\"5cdeac3\" data-element_type=\"column\">\n\t\t\t<div class=\"p-0 elementor-widget-wrap elementor-element-populated\">\n\t\t\t\t\t\t<div class=\"elementor-element elementor-element-fb1e0c4 elementor-widget elementor-widget-highlighted-heading\" data-id=\"fb1e0c4\" data-element_type=\"widget\" data-widget_type=\"highlighted-heading.default\">\n\t\t\t\t<div class=\"elementor-widget-container\">\n\t\t\t<h2 class=\"highlighted-heading__title cta__title text-white\">Pr\u00eat \u00e0 prendre le contr\u00f4le de votre avenir en mati\u00e8re d\u2019investissement\u00a0?<\/h2>\t\t<\/div>\n\t\t\t\t<\/div>\n\t\t\t\t<div class=\"elementor-element elementor-element-c6a738c elementor-widget elementor-widget-highlighted-heading\" data-id=\"c6a738c\" data-element_type=\"widget\" data-widget_type=\"highlighted-heading.default\">\n\t\t\t\t<div class=\"elementor-widget-container\">\n\t\t\t<p class=\"highlighted-heading__title cta__text px-80 lg:px-0 text-white mb-0\">N)ous sommes fiers d'\u00eatre parmi les premi\u00e8res entreprises \u00e0 ouvrir physiquement dans le centre de l'Afrique de l'Ouest o\u00f9 se situe l'avenir financier. Lib\u00e9rez votre potentiel d'investissement d\u00e8s aujourd'hui\u00a0!<\/p>\t\t<\/div>\n\t\t\t\t<\/div>\n\t\t\t\t<div class=\"elementor-element elementor-element-bfc9690 cta__button elementor-widget elementor-widget-button\" data-id=\"bfc9690\" data-element_type=\"widget\" data-widget_type=\"button.button-hellix\">\n\t\t\t\t<div class=\"elementor-widget-container\">\n\t\t\t\t\t<a href=\"\/fr\/contact-us\/\" class=\"hx-elementor-button hellix-button button  -white button -md -white\">\n\t\t\t\t\t\t<span class=\"hellix-elementor-button-text\">D\u00e9marrer mon projet<\/span>\n\t\t\t\t\t\t\t\n\t\t<\/a>\n\t\t\t\t<\/div>\n\t\t\t\t<\/div>\n\t\t\t\t\t<\/div>\n\t\t<\/div>\n\t\t\t\t\t<\/div>\n\t\t<\/section>\n\t\t\t\t<\/div>\n\t\t\t\t<\/div>\n\t\t\t\t<\/div>\n\t\t\t\t<\/div>\n\t\t\t\t<\/div>\n\t\t\t\t<\/div>\n\t\t","protected":false},"excerpt":{"rendered":"<p>explorer les fonctionnalit\u00e9s Radiks Jewellery \u00c0 propos de nous Lib\u00e9rez-vous pour d\u00e9couvrir la magie des bijoux. Radiks Jewellery est une entreprise du groupe Radiks sp\u00e9cialis\u00e9e dans le commerce de gros et l&rsquo;exportation de bijoux de Turquie. Nous sommes une \u00e9quipe de professionnels passionn\u00e9s par les bijoux et nous nous engageons \u00e0 fournir \u00e0 nos clients [&hellip;]<\/p>\n","protected":false},"author":1,"featured_media":0,"parent":0,"menu_order":0,"comment_status":"closed","ping_status":"closed","template":"elementor_header_footer","meta":{"_acf_changed":false,"footnotes":""},"class_list":["post-15950","page","type-page","status-publish","hentry"],"acf":[],"_links":{"self":[{"href":"https:\/\/radiksgroup.com\/fr\/wp-json\/wp\/v2\/pages\/15950","targetHints":{"allow":["GET"]}}],"collection":[{"href":"https:\/\/radiksgroup.com\/fr\/wp-json\/wp\/v2\/pages"}],"about":[{"href":"https:\/\/radiksgroup.com\/fr\/wp-json\/wp\/v2\/types\/page"}],"author":[{"embeddable":true,"href":"https:\/\/radiksgroup.com\/fr\/wp-json\/wp\/v2\/users\/1"}],"replies":[{"embeddable":true,"href":"https:\/\/radiksgroup.com\/fr\/wp-json\/wp\/v2\/comments?post=15950"}],"version-history":[{"count":12,"href":"https:\/\/radiksgroup.com\/fr\/wp-json\/wp\/v2\/pages\/15950\/revisions"}],"predecessor-version":[{"id":20477,"href":"https:\/\/radiksgroup.com\/fr\/wp-json\/wp\/v2\/pages\/15950\/revisions\/20477"}],"wp:attachment":[{"href":"https:\/\/radiksgroup.com\/fr\/wp-json\/wp\/v2\/media?parent=15950"}],"curies":[{"name":"wp","href":"https:\/\/api.w.org\/{rel}","templated":true}]}}