{"id":15942,"date":"2024-01-07T11:06:58","date_gmt":"2024-01-07T11:06:58","guid":{"rendered":"https:\/\/radisgroup.ahmadalkhuleyf.net\/quality-and-efficiency-standards\/"},"modified":"2024-02-04T13:17:08","modified_gmt":"2024-02-04T13:17:08","slug":"quality-and-efficiency-standards","status":"publish","type":"page","link":"https:\/\/radiksgroup.com\/fr\/quality-and-efficiency-standards\/","title":{"rendered":"Normes de qualit\u00e9 et d&rsquo;efficacit\u00e9"},"content":{"rendered":"<p class=\"p1\"><b>La qualit\u00e9 est notre priorit\u00e9 absolue.<\/b><\/p>\n<p class=\"p2\">Chez Radiks Group, nous sommes passionn\u00e9s par la qualit\u00e9. Nous nous engageons \u00e0 fournir \u00e0 nos clients des produits et services de la plus haute qualit\u00e9, et nous mettons tout en \u0153uvre pour atteindre cet objectif.<\/p>\n<p class=\"p3\"><b>Nous sommes fiers de notre processus de production de haute qualit\u00e9. <\/b><\/p>\n<p class=\"p3\"><b>Pr\u00e9cision dans la production : <\/b><\/p>\n<p class=\"p3\">Nous utilisons des protocoles stricts de gestion de la qualit\u00e9 pour garantir que notre or est de la plus haute qualit\u00e9. Chaque produit est certifi\u00e9 et num\u00e9rot\u00e9 pour vous garantir un produit de qualit\u00e9 sup\u00e9rieure.<\/p>\n<p class=\"p3\"><b>Nous nous engageons \u00e0 satisfaire nos clients : <\/b><\/p>\n<p class=\"p3\">Nous nous effor\u00e7ons de comprendre les besoins de nos clients et de leur fournir des produits et services qui r\u00e9pondent \u00e0 leurs attentes. Nous sommes toujours \u00e0 la recherche de nouvelles fa\u00e7ons d&rsquo;am\u00e9liorer notre service client.<\/p>\n<p class=\"p2\"><b>Nous valorisons nos employ\u00e9s\u00a0:<\/b><\/p>\n<p class=\"p2\">Nous croyons que nos employ\u00e9s sont notre atout le plus pr\u00e9cieux. Nous nous engageons \u00e0 cr\u00e9er un environnement de travail positif et collaboratif o\u00f9 nos employ\u00e9s peuvent se d\u00e9velopper et prosp\u00e9rer.<\/p>\n<p class=\"p1\"><b>Nous nous engageons \u00e0 l&rsquo;am\u00e9lioration continue\u00a0:<\/b><\/p>\n<p class=\"p1\">Nous croyons qu&rsquo;il est essentiel de s&rsquo;am\u00e9liorer constamment. Nous nous engageons \u00e0 investir dans la formation et le d\u00e9veloppement de nos employ\u00e9s, et nous nous appuyons sur les donn\u00e9es pour prendre des d\u00e9cisions. Nous sommes toujours \u00e0 la recherche de nouvelles fa\u00e7ons d&rsquo;am\u00e9liorer nos op\u00e9rations.<\/p>\n<p class=\"p3\"><b>Avantages pour toutes nos parties prenantes : <\/b><\/p>\n<p class=\"p3\">Nous appr\u00e9cions les partenariats qui ajoutent de la valeur et nous cherchons \u00e0 apporter un changement positif et efficace avec tous nos fournisseurs, parties prenantes et investisseurs pour promouvoir une croissance collective.<\/p>\n","protected":false},"excerpt":{"rendered":"<p>La qualit\u00e9 est notre priorit\u00e9 absolue. Chez Radiks Group, nous sommes passionn\u00e9s par la qualit\u00e9. Nous nous engageons \u00e0 fournir \u00e0 nos clients des produits et services de la plus haute qualit\u00e9, et nous mettons tout en \u0153uvre pour atteindre cet objectif. Nous sommes fiers de notre processus de production de haute qualit\u00e9. Pr\u00e9cision dans [&hellip;]<\/p>\n","protected":false},"author":1,"featured_media":0,"parent":0,"menu_order":0,"comment_status":"closed","ping_status":"closed","template":"","meta":{"_acf_changed":false,"footnotes":""},"class_list":["post-15942","page","type-page","status-publish","hentry"],"acf":[],"_links":{"self":[{"href":"https:\/\/radiksgroup.com\/fr\/wp-json\/wp\/v2\/pages\/15942","targetHints":{"allow":["GET"]}}],"collection":[{"href":"https:\/\/radiksgroup.com\/fr\/wp-json\/wp\/v2\/pages"}],"about":[{"href":"https:\/\/radiksgroup.com\/fr\/wp-json\/wp\/v2\/types\/page"}],"author":[{"embeddable":true,"href":"https:\/\/radiksgroup.com\/fr\/wp-json\/wp\/v2\/users\/1"}],"replies":[{"embeddable":true,"href":"https:\/\/radiksgroup.com\/fr\/wp-json\/wp\/v2\/comments?post=15942"}],"version-history":[{"count":1,"href":"https:\/\/radiksgroup.com\/fr\/wp-json\/wp\/v2\/pages\/15942\/revisions"}],"predecessor-version":[{"id":15943,"href":"https:\/\/radiksgroup.com\/fr\/wp-json\/wp\/v2\/pages\/15942\/revisions\/15943"}],"wp:attachment":[{"href":"https:\/\/radiksgroup.com\/fr\/wp-json\/wp\/v2\/media?parent=15942"}],"curies":[{"name":"wp","href":"https:\/\/api.w.org\/{rel}","templated":true}]}}