{"id":15937,"date":"2024-01-02T19:55:40","date_gmt":"2024-01-02T19:55:40","guid":{"rendered":"https:\/\/radisgroup.ahmadalkhuleyf.net\/sustainability\/"},"modified":"2024-11-30T08:50:08","modified_gmt":"2024-11-30T08:50:08","slug":"sustainability","status":"publish","type":"page","link":"https:\/\/radiksgroup.com\/fr\/sustainability\/","title":{"rendered":"Durabilit\u00e9"},"content":{"rendered":"\t\t<div data-elementor-type=\"wp-page\" data-elementor-id=\"15937\" class=\"elementor elementor-15937 elementor-14694\" data-elementor-post-type=\"page\">\n\t\t\t\t\t\t<section class=\"elementor-section elementor-top-section elementor-element elementor-element-1c8d4d54 elementor-section-full_width page-masthead bg-image js-lazy loaded page-masthead__bg elementor-section-height-default elementor-section-height-default\" data-id=\"1c8d4d54\" data-element_type=\"section\" data-settings=\"{&quot;background_background&quot;:&quot;classic&quot;}\" data-parallax=\"0.6\">\n\t\t\t\t\t\t<div class=\"elementor-container elementor-column-gap-default container\">\n\t\t\t\t\t<div class=\"elementor-column elementor-col-100 elementor-top-column elementor-element elementor-element-b370b22\" data-id=\"b370b22\" data-element_type=\"column\">\n\t\t\t<div class=\"p-0 page-masthead__content elementor-widget-wrap elementor-element-populated\">\n\t\t\t\t\t\t<div class=\"elementor-section elementor-inner-section elementor-element elementor-element-18fd5edc elementor-section-full_width elementor-section-height-default elementor-section-height-default\" data-id=\"18fd5edc\" data-element_type=\"section\">\n\t\t\t\t\t\t<div class=\"elementor-container elementor-column-gap-default row justify-content-between md:justify-content-center align-items-center row-margin\">\n\t\t\t\t\t<div class=\"elementor-column elementor-col-50 elementor-inner-column elementor-element elementor-element-4ac2c049 col-lg-9 col-md-10\" data-id=\"4ac2c049\" data-element_type=\"column\" data-anim=\"slide-up delay-1\">\n\t\t\t<div class=\"p-0 elementor-widget-wrap elementor-element-populated\">\n\t\t\t\t\t\t<div class=\"elementor-element elementor-element-5c850496 elementor-widget elementor-widget-highlighted-heading\" data-id=\"5c850496\" data-element_type=\"widget\" data-widget_type=\"highlighted-heading.default\">\n\t\t\t\t<div class=\"elementor-widget-container\">\n\t\t\t<div class=\"highlighted-heading__title page-masthead__subtitle\">explorer les fonctionnalit\u00e9s<\/div>\t\t<\/div>\n\t\t\t\t<\/div>\n\t\t\t\t<div class=\"elementor-element elementor-element-91a26a2 elementor-widget elementor-widget-highlighted-heading\" data-id=\"91a26a2\" data-element_type=\"widget\" data-widget_type=\"highlighted-heading.default\">\n\t\t\t\t<div class=\"elementor-widget-container\">\n\t\t\t<h1 class=\"highlighted-heading__title page-masthead__title text-white\">Durabilit\u00e9<\/h1>\t\t<\/div>\n\t\t\t\t<\/div>\n\t\t\t\t\t<\/div>\n\t\t<\/div>\n\t\t\t\t<div class=\"elementor-column elementor-col-50 elementor-inner-column elementor-element elementor-element-2340165d col-lg-auto col-12\" data-id=\"2340165d\" data-element_type=\"column\">\n\t\t\t<div class=\"p-0 elementor-widget-wrap elementor-element-populated\">\n\t\t\t\t\t\t<div class=\"elementor-element elementor-element-6710d6ec elementor-widget elementor-widget-hx-breadcrumb\" data-id=\"6710d6ec\" data-element_type=\"widget\" data-widget_type=\"hx-breadcrumb.default\">\n\t\t\t\t<div class=\"elementor-widget-container\">\n\t\t\t<div data-anim=\"slide-up delay-1\" class=\"page-masthead-bread text-white md:mt-24 text-right\"><a data-barba class=\"page-masthead-bread__item active\">Accueil<\/a><\/div>\t\t<\/div>\n\t\t\t\t<\/div>\n\t\t\t\t\t<\/div>\n\t\t<\/div>\n\t\t\t\t\t<\/div>\n\t\t<\/div>\n\t\t\t\t\t<\/div>\n\t\t<\/div>\n\t\t\t\t\t<\/div>\n\t\t<\/section>\n\t\t\t\t<section class=\"elementor-section elementor-top-section elementor-element elementor-element-2f2e5cc7 elementor-section-full_width layout-pt-md layout-pb-md background-color elementor-section-height-default elementor-section-height-default\" data-id=\"2f2e5cc7\" data-element_type=\"section\">\n\t\t\t\t\t\t<div class=\"elementor-container elementor-column-gap-default container\">\n\t\t\t\t\t<div class=\"elementor-column elementor-col-100 elementor-top-column elementor-element elementor-element-32b171c0\" data-id=\"32b171c0\" data-element_type=\"column\" data-anim-wrap=\"\">\n\t\t\t<div class=\"p-0 elementor-widget-wrap elementor-element-populated\">\n\t\t\t\t\t\t<div class=\"elementor-section elementor-inner-section elementor-element elementor-element-2f9ea024 elementor-section-full_width elementor-section-height-default elementor-section-height-default\" data-id=\"2f9ea024\" data-element_type=\"section\" data-anim-wrap=\"\">\n\t\t\t\t\t\t<div class=\"elementor-container elementor-column-gap-default row justify-content-between align-items-center row-margin\">\n\t\t\t\t\t<div class=\"elementor-column elementor-col-50 elementor-inner-column elementor-element elementor-element-5d55b760 col-lg-5 col-md-10\" data-id=\"5d55b760\" data-element_type=\"column\" data-anim-child=\"slide-right delay-3\">\n\t\t\t<div class=\"p-0 sectionHeading -left-line -about pr-12 lg:pr-0 elementor-widget-wrap elementor-element-populated\">\n\t\t\t\t\t\t<div class=\"elementor-element elementor-element-32050bc3 elementor-widget elementor-widget-highlighted-heading\" data-id=\"32050bc3\" data-element_type=\"widget\" data-widget_type=\"highlighted-heading.default\">\n\t\t\t\t<div class=\"elementor-widget-container\">\n\t\t\t<span class=\"highlighted-heading__title sectionHeading__subtitle\">Radiks Group<\/span>\t\t<\/div>\n\t\t\t\t<\/div>\n\t\t\t\t<div class=\"elementor-element elementor-element-dd1cda7 elementor-widget elementor-widget-highlighted-heading\" data-id=\"dd1cda7\" data-element_type=\"widget\" data-widget_type=\"highlighted-heading.default\">\n\t\t\t\t<div class=\"elementor-widget-container\">\n\t\t\t<h2 class=\"highlighted-heading__title sectionHeading__title\">D\u00e9veloppement durable<\/h2>\t\t<\/div>\n\t\t\t\t<\/div>\n\t\t\t\t<div class=\"elementor-element elementor-element-134389a1 elementor-widget elementor-widget-highlighted-heading\" data-id=\"134389a1\" data-element_type=\"widget\" data-widget_type=\"highlighted-heading.default\">\n\t\t\t\t<div class=\"elementor-widget-container\">\n\t\t\t<p class=\"highlighted-heading__title sectionHeading__text\">Radiks Group est une entreprise engag\u00e9e dans le d\u00e9veloppement durable. Nous nous effor\u00e7ons de r\u00e9duire notre impact sur l'environnement et de contribuer \u00e0 une soci\u00e9t\u00e9 plus juste et plus prosp\u00e8re.<\/p>\t\t<\/div>\n\t\t\t\t<\/div>\n\t\t\t\t\t<\/div>\n\t\t<\/div>\n\t\t\t\t<div class=\"elementor-column elementor-col-50 elementor-inner-column elementor-element elementor-element-4aabafba col-xl-6 col-lg-7 col-12\" data-id=\"4aabafba\" data-element_type=\"column\">\n\t\t\t<div class=\"p-0 background-cover -left -dark md:mt-60 elementor-widget-wrap elementor-element-populated\">\n\t\t\t\t\t\t<div class=\"elementor-element elementor-element-68fff74f elementor-widget elementor-widget-image\" data-id=\"68fff74f\" data-element_type=\"widget\" data-widget_type=\"image.default\">\n\t\t\t\t<div class=\"elementor-widget-container\">\n\t\t\t<style>\/*! elementor - v3.19.0 - 28-02-2024 *\/\n.elementor-widget-image{text-align:center}.elementor-widget-image a{display:inline-block}.elementor-widget-image a img[src$=\".svg\"]{width:48px}.elementor-widget-image img{vertical-align:middle;display:inline-block}<\/style><div class=\"wrapper_css ratio ratio-4:3 \" data-anim-child=\"img-right cover-black\">\t\t\t\t\t\t\t\t\t\t<img fetchpriority=\"high\" decoding=\"async\" width=\"600\" height=\"462\" src=\"https:\/\/radiksgroup.com\/wp-content\/uploads\/2024\/11\/Sustainable-development.jpg\" class=\"ratio-img h-100 attachment-full size-full wp-image-19875\" alt=\"\" srcset=\"https:\/\/radiksgroup.com\/wp-content\/uploads\/2024\/11\/Sustainable-development.jpg 600w, https:\/\/radiksgroup.com\/wp-content\/uploads\/2024\/11\/Sustainable-development-300x231.jpg 300w\" sizes=\"(max-width: 600px) 100vw, 600px\" \/>\t\t\t\t\t\t\t\t\t\t\t<\/div>\t\t<\/div>\n\t\t\t\t<\/div>\n\t\t\t\t\t<\/div>\n\t\t<\/div>\n\t\t\t\t\t<\/div>\n\t\t<\/div>\n\t\t\t\t\t<\/div>\n\t\t<\/div>\n\t\t\t\t\t<\/div>\n\t\t<\/section>\n\t\t\t\t<section class=\"elementor-section elementor-top-section elementor-element elementor-element-73ccb48b elementor-section-full_width elementor-section-height-default elementor-section-height-default\" data-id=\"73ccb48b\" data-element_type=\"section\">\n\t\t\t\t\t\t<div class=\"elementor-container elementor-column-gap-default container\">\n\t\t\t\t\t<div class=\"elementor-column elementor-col-100 elementor-top-column elementor-element elementor-element-6d3e491e\" data-id=\"6d3e491e\" data-element_type=\"column\">\n\t\t\t<div class=\"p-0 elementor-widget-wrap elementor-element-populated\">\n\t\t\t\t\t\t<div class=\"elementor-section elementor-inner-section elementor-element elementor-element-6f9ef71f elementor-section-full_width elementor-section-height-default elementor-section-height-default\" data-id=\"6f9ef71f\" data-element_type=\"section\">\n\t\t\t\t\t\t<div class=\"elementor-container elementor-column-gap-default\">\n\t\t\t\t\t<div class=\"elementor-column elementor-col-50 elementor-inner-column elementor-element elementor-element-c42c753\" data-id=\"c42c753\" data-element_type=\"column\">\n\t\t\t<div class=\"elementor-widget-wrap elementor-element-populated\">\n\t\t\t\t\t\t<div class=\"elementor-element elementor-element-2e4cfc16 elementor-position-top elementor-mobile-position-top elementor-widget elementor-widget-icon-box\" data-id=\"2e4cfc16\" data-element_type=\"widget\" data-widget_type=\"icon-box.card-hellix\">\n\t\t\t\t<div class=\"elementor-widget-container\">\n\t\t\t<link rel=\"stylesheet\" href=\"https:\/\/radiksgroup.com\/wp-content\/plugins\/elementor\/assets\/css\/widget-icon-box.min.css\"> \n\t\t<div class=\"service -card -hover\">\n\t\t\t<div class=\"service__content -border\">\n\n\t\t\t\t\t\t\t\t\t<div class=\"service__icon\">\n\t\t\t\t\t\t<i aria-hidden=\"true\" class=\"elementor-icon elementor-icon-box icon  text-beige icon icon-cube\"><\/i>\t\t\t\t\t<\/div>\n\t\t\t\t\n\t\t\t\t\t\t<h3 class=\"service__title elementor-icon-box-title service__title mt-20\">\n\t\t\tResponsabilit\u00e9 sociale\t\t<\/h3 > \n\t\t\t\t<p class=\"elementor-icon-box-description service__text service__text\">\n\t\t\tRadiks Group est une entreprise qui se soucie de ses employ\u00e9s. Nous nous engageons \u00e0 leur fournir un environnement de travail s\u00fbr et sain, ainsi qu'\u00e0 leur offrir des opportunit\u00e9s de d\u00e9veloppement professionnel.\n\t\t<\/p> \n\t\t\t\t\t<\/div>\n\t\t<\/div>\n\t\t\t\t<\/div>\n\t\t\t\t<\/div>\n\t\t\t\t\t<\/div>\n\t\t<\/div>\n\t\t\t\t<div class=\"elementor-column elementor-col-50 elementor-inner-column elementor-element elementor-element-433be0e\" data-id=\"433be0e\" data-element_type=\"column\">\n\t\t\t<div class=\"elementor-widget-wrap elementor-element-populated\">\n\t\t\t\t\t\t<div class=\"elementor-element elementor-element-ff0e725 elementor-position-top elementor-mobile-position-top elementor-widget elementor-widget-icon-box\" data-id=\"ff0e725\" data-element_type=\"widget\" data-widget_type=\"icon-box.card-hellix\">\n\t\t\t\t<div class=\"elementor-widget-container\">\n\t\t\t \n\t\t<div class=\"service -card -hover\">\n\t\t\t<div class=\"service__content -border\">\n\n\t\t\t\t\t\t\t\t\t<div class=\"service__icon\">\n\t\t\t\t\t\t<i aria-hidden=\"true\" class=\"elementor-icon elementor-icon-box icon  text-beige icon icon-rocket\"><\/i>\t\t\t\t\t<\/div>\n\t\t\t\t\n\t\t\t\t\t\t<h3 class=\"service__title elementor-icon-box-title service__title mt-20\">\n\t\t\tPromotion de la croissance professionnelle\t\t<\/h3 > \n\t\t\t\t<p class=\"elementor-icon-box-description service__text service__text\">\n\t\t\tNous soutenons une culture de travail sans discrimination et travaillons \u00e0 appr\u00e9cier les efforts de chaque individu en offrant une formation cibl\u00e9e et des initiatives de d\u00e9veloppement pour am\u00e9liorer la croissance professionnelle individuelle et globale de tous les employ\u00e9s.\n\t\t<\/p> \n\t\t\t\t\t<\/div>\n\t\t<\/div>\n\t\t\t\t<\/div>\n\t\t\t\t<\/div>\n\t\t\t\t\t<\/div>\n\t\t<\/div>\n\t\t\t\t\t<\/div>\n\t\t<\/div>\n\t\t\t\t\t<\/div>\n\t\t<\/div>\n\t\t\t\t\t<\/div>\n\t\t<\/section>\n\t\t\t\t<section class=\"elementor-section elementor-top-section elementor-element elementor-element-c49cb32 elementor-section-full_width elementor-section-height-default elementor-section-height-default\" data-id=\"c49cb32\" data-element_type=\"section\">\n\t\t\t\t\t\t<div class=\"elementor-container elementor-column-gap-default container\">\n\t\t\t\t\t<div class=\"elementor-column elementor-col-100 elementor-top-column elementor-element elementor-element-a755f30\" data-id=\"a755f30\" data-element_type=\"column\">\n\t\t\t<div class=\"p-0 elementor-widget-wrap elementor-element-populated\">\n\t\t\t\t\t\t<div class=\"elementor-section elementor-inner-section elementor-element elementor-element-4f3edc5 elementor-section-full_width elementor-section-height-default elementor-section-height-default\" data-id=\"4f3edc5\" data-element_type=\"section\">\n\t\t\t\t\t\t<div class=\"elementor-container elementor-column-gap-default row row-margin\">\n\t\t\t\t\t<div class=\"elementor-column elementor-col-100 elementor-inner-column elementor-element elementor-element-1e973de col-12\" data-id=\"1e973de\" data-element_type=\"column\">\n\t\t\t<div class=\"p-0 sectionHeading -top-line text-center elementor-widget-wrap elementor-element-populated\">\n\t\t\t\t\t\t<div class=\"elementor-element elementor-element-4537fc2 elementor-widget elementor-widget-highlighted-heading\" data-id=\"4537fc2\" data-element_type=\"widget\" data-widget_type=\"highlighted-heading.default\">\n\t\t\t\t<div class=\"elementor-widget-container\">\n\t\t\t<span class=\"highlighted-heading__title sectionHeading__subtitle\">QUE POUVONS-NOUS OFFRIR<\/span>\t\t<\/div>\n\t\t\t\t<\/div>\n\t\t\t\t<div class=\"elementor-element elementor-element-c82a812 elementor-widget elementor-widget-highlighted-heading\" data-id=\"c82a812\" data-element_type=\"widget\" data-widget_type=\"highlighted-heading.default\">\n\t\t\t\t<div class=\"elementor-widget-container\">\n\t\t\t<h2 class=\"highlighted-heading__title sectionHeading__title mb-0\">La durabilit\u00e9 environnementale<\/h2>\t\t<\/div>\n\t\t\t\t<\/div>\n\t\t\t\t\t<\/div>\n\t\t<\/div>\n\t\t\t\t\t<\/div>\n\t\t<\/div>\n\t\t\t\t<div class=\"elementor-section elementor-inner-section elementor-element elementor-element-278a1f5 elementor-section-full_width elementor-section-height-default elementor-section-height-default\" data-id=\"278a1f5\" data-element_type=\"section\">\n\t\t\t\t\t\t<div class=\"elementor-container elementor-column-gap-default\">\n\t\t\t\t\t<div class=\"elementor-column elementor-col-33 elementor-inner-column elementor-element elementor-element-5801496\" data-id=\"5801496\" data-element_type=\"column\">\n\t\t\t<div class=\"elementor-widget-wrap elementor-element-populated\">\n\t\t\t\t\t\t<div class=\"elementor-element elementor-element-df83992 elementor-position-top elementor-mobile-position-top elementor-widget elementor-widget-icon-box\" data-id=\"df83992\" data-element_type=\"widget\" data-widget_type=\"icon-box.hellix-style-3\">\n\t\t\t\t<div class=\"elementor-widget-container\">\n\t\t\t\t\t<div class=\"service -icon-hover\">\n\t   \t\t\t<div class=\"d-flex\">\n\t\t\t\t\t\t\t\t<div class=\"size-3xl bg-beige-light rounded-full d-flex align-items-center justify-content-center service__icon\">\n\t\t\t\t\t\t\t\t\t\t\t<i aria-hidden=\"true\" class=\"elementor-icon elementor-icon-box icon text-accent text-3xl  icon icon-pencil\"><\/i>\t\t\t\t\t\t\t\t\t<\/div>\n\t\t\t<\/div>\n\t\t\t\t   <h3 class=\"  elementor-icon-box-title text-lg mt-24\">\n\t\t\tSoutien \u00e0 l&#039;environnement \t\t<\/h3 > \n\t\t\n\t\t\t\t\t<p class=\"elementor-icon-box-description text-sm text-dark mt-12\">\n\t\t\tNotre engagement envers les r\u00e9glementations environnementales strictes se manifeste par notre qu\u00eate constante de r\u00e9duire les empreintes carbone sur l'environnement, de conserver l'\u00e9nergie et de minimiser les d\u00e9chets environnementaux. \n\n\t\t<\/p> \n\t\t\t\t\t\t\t<\/div>\n\t\t\t\t<\/div>\n\t\t\t\t<\/div>\n\t\t\t\t\t<\/div>\n\t\t<\/div>\n\t\t\t\t<div class=\"elementor-column elementor-col-33 elementor-inner-column elementor-element elementor-element-93f207f\" data-id=\"93f207f\" data-element_type=\"column\">\n\t\t\t<div class=\"elementor-widget-wrap elementor-element-populated\">\n\t\t\t\t\t\t<div class=\"elementor-element elementor-element-d9fcb7f elementor-position-top elementor-mobile-position-top elementor-widget elementor-widget-icon-box\" data-id=\"d9fcb7f\" data-element_type=\"widget\" data-widget_type=\"icon-box.hellix-style-3\">\n\t\t\t\t<div class=\"elementor-widget-container\">\n\t\t\t\t\t<div class=\"service -icon-hover\">\n\t   \t\t\t<div class=\"d-flex\">\n\t\t\t\t\t\t\t\t<div class=\"size-3xl bg-beige-light rounded-full d-flex align-items-center justify-content-center service__icon\">\n\t\t\t\t\t\t\t\t\t\t\t<i aria-hidden=\"true\" class=\"elementor-icon elementor-icon-box icon text-accent text-3xl  icon icon-rocket\"><\/i>\t\t\t\t\t\t\t\t\t<\/div>\n\t\t\t<\/div>\n\t\t\t\t   <h3 class=\"  elementor-icon-box-title text-lg mt-24\">\n\t\t\tProduction respectueuse de l&#039;environnement\t\t<\/h3 > \n\t\t\n\t\t\t\t\t<p class=\"elementor-icon-box-description text-sm text-dark mt-12\">\n\t\t\tNous accordons la priorit\u00e9 aux m\u00e9thodes de production durables qui soutiennent un mod\u00e8le d'\u00e9conomie circulaire, garantissant une quantit\u00e9 minimale de d\u00e9chets et une utilisation maximale des ressources. \n\t\t<\/p> \n\t\t\t\t\t\t\t<\/div>\n\t\t\t\t<\/div>\n\t\t\t\t<\/div>\n\t\t\t\t\t<\/div>\n\t\t<\/div>\n\t\t\t\t<div class=\"elementor-column elementor-col-33 elementor-inner-column elementor-element elementor-element-c79eda6\" data-id=\"c79eda6\" data-element_type=\"column\">\n\t\t\t<div class=\"elementor-widget-wrap elementor-element-populated\">\n\t\t\t\t\t\t<div class=\"elementor-element elementor-element-f9c5bb6 elementor-position-top elementor-mobile-position-top elementor-widget elementor-widget-icon-box\" data-id=\"f9c5bb6\" data-element_type=\"widget\" data-widget_type=\"icon-box.hellix-style-3\">\n\t\t\t\t<div class=\"elementor-widget-container\">\n\t\t\t\t\t<div class=\"service -icon-hover\">\n\t   \t\t\t<div class=\"d-flex\">\n\t\t\t\t\t\t\t\t<div class=\"size-3xl bg-beige-light rounded-full d-flex align-items-center justify-content-center service__icon\">\n\t\t\t\t\t\t\t\t\t\t\t<i aria-hidden=\"true\" class=\"elementor-icon elementor-icon-box icon text-accent text-3xl  icon icon-pencil\"><\/i>\t\t\t\t\t\t\t\t\t<\/div>\n\t\t\t<\/div>\n\t\t\t\t   <h3 class=\"  elementor-icon-box-title text-lg mt-24\">\n\t\t\tGestion des ressources\t\t<\/h3 > \n\t\t\n\t\t\t\t\t<p class=\"elementor-icon-box-description text-sm text-dark mt-12\">\n\t\t\tAvec un accent particulier sur l'efficacit\u00e9, nous utilisons des op\u00e9rations de recyclage efficaces, assurant l'utilisation r\u00e9p\u00e9t\u00e9e de m\u00e9taux pr\u00e9cieux, de produits chimiques et de ressources naturelles de mani\u00e8re s\u00fbre et \u00e9quilibr\u00e9e. \n\t\t<\/p> \n\t\t\t\t\t\t\t<\/div>\n\t\t\t\t<\/div>\n\t\t\t\t<\/div>\n\t\t\t\t\t<\/div>\n\t\t<\/div>\n\t\t\t\t\t<\/div>\n\t\t<\/div>\n\t\t\t\t\t<\/div>\n\t\t<\/div>\n\t\t\t\t\t<\/div>\n\t\t<\/section>\n\t\t\t\t<section class=\"elementor-section elementor-top-section elementor-element elementor-element-3d9238e elementor-section-full_width elementor-section-height-default elementor-section-height-default\" data-id=\"3d9238e\" data-element_type=\"section\">\n\t\t\t\t\t\t<div class=\"elementor-container elementor-column-gap-default container\">\n\t\t\t\t\t<div class=\"elementor-column elementor-col-100 elementor-top-column elementor-element elementor-element-17e3733\" data-id=\"17e3733\" data-element_type=\"column\">\n\t\t\t<div class=\"p-0 elementor-widget-wrap elementor-element-populated\">\n\t\t\t\t\t\t<div class=\"elementor-section elementor-inner-section elementor-element elementor-element-fbbe98a elementor-section-full_width elementor-section-height-default elementor-section-height-default\" data-id=\"fbbe98a\" data-element_type=\"section\">\n\t\t\t\t\t\t<div class=\"elementor-container elementor-column-gap-default\">\n\t\t\t\t\t<div class=\"elementor-column elementor-col-50 elementor-inner-column elementor-element elementor-element-189b8b1\" data-id=\"189b8b1\" data-element_type=\"column\">\n\t\t\t<div class=\"elementor-widget-wrap elementor-element-populated\">\n\t\t\t\t\t\t<div class=\"elementor-element elementor-element-a3439e8 elementor-position-top elementor-mobile-position-top elementor-widget elementor-widget-icon-box\" data-id=\"a3439e8\" data-element_type=\"widget\" data-widget_type=\"icon-box.hellix-style-3\">\n\t\t\t\t<div class=\"elementor-widget-container\">\n\t\t\t\t\t<div class=\"service -icon-hover\">\n\t   \t\t\t<div class=\"d-flex\">\n\t\t\t\t\t\t\t\t<div class=\"size-3xl bg-beige-light rounded-full d-flex align-items-center justify-content-center service__icon\">\n\t\t\t\t\t\t\t\t\t\t\t<i aria-hidden=\"true\" class=\"elementor-icon elementor-icon-box icon text-accent text-3xl  icon icon-pencil\"><\/i>\t\t\t\t\t\t\t\t\t<\/div>\n\t\t\t<\/div>\n\t\t\t\t   <h3 class=\"  elementor-icon-box-title text-lg mt-24\">\n\t\t\tDurabilit\u00e9 \u00e9conomique\t\t<\/h3 > \n\t\t\n\t\t\t\t\t<p class=\"elementor-icon-box-description text-sm text-dark mt-12\">\n\t\t\tEnsemble, nous grandissons et prosp\u00e9rons. Nos strat\u00e9gies \u00e9conomiques au sein du groupe Radiks Holdings sont bas\u00e9es sur le principe du b\u00e9n\u00e9fice mutuel, \u00e9tablissant une relation de partenariat avec tous nos partenaires et clients, soutenant la croissance collective. \n\t\t<\/p> \n\t\t\t\t\t\t\t<\/div>\n\t\t\t\t<\/div>\n\t\t\t\t<\/div>\n\t\t\t\t\t<\/div>\n\t\t<\/div>\n\t\t\t\t<div class=\"elementor-column elementor-col-50 elementor-inner-column elementor-element elementor-element-61676bb\" data-id=\"61676bb\" data-element_type=\"column\">\n\t\t\t<div class=\"elementor-widget-wrap elementor-element-populated\">\n\t\t\t\t\t\t<div class=\"elementor-element elementor-element-36c9a9e elementor-position-top elementor-mobile-position-top elementor-widget elementor-widget-icon-box\" data-id=\"36c9a9e\" data-element_type=\"widget\" data-widget_type=\"icon-box.hellix-style-3\">\n\t\t\t\t<div class=\"elementor-widget-container\">\n\t\t\t\t\t<div class=\"service -icon-hover\">\n\t   \t\t\t<div class=\"d-flex\">\n\t\t\t\t\t\t\t\t<div class=\"size-3xl bg-beige-light rounded-full d-flex align-items-center justify-content-center service__icon\">\n\t\t\t\t\t\t\t\t\t\t\t<i aria-hidden=\"true\" class=\"elementor-icon elementor-icon-box icon text-accent text-3xl  icon icon-send\"><\/i>\t\t\t\t\t\t\t\t\t<\/div>\n\t\t\t<\/div>\n\t\t\t\t   <h3 class=\"  elementor-icon-box-title text-lg mt-24\">\n\t\t\tValeur ajout\u00e9e\t\t<\/h3 > \n\t\t\n\t\t\t\t\t<p class=\"elementor-icon-box-description text-sm text-dark mt-12\">\n\t\t\tNous ne faisons pas que des investissements, nous cherchons \u00e0 cr\u00e9er un h\u00e9ritage \u00e9conomique durable en offrant une valeur et une qualit\u00e9 \u00e9lev\u00e9es pour assurer une croissance et une prosp\u00e9rit\u00e9 durables pour un avenir plus radieux.\n\t\t<\/p> \n\t\t\t\t\t\t\t<\/div>\n\t\t\t\t<\/div>\n\t\t\t\t<\/div>\n\t\t\t\t\t<\/div>\n\t\t<\/div>\n\t\t\t\t\t<\/div>\n\t\t<\/div>\n\t\t\t\t\t<\/div>\n\t\t<\/div>\n\t\t\t\t\t<\/div>\n\t\t<\/section>\n\t\t\t\t<\/div>\n\t\t","protected":false},"excerpt":{"rendered":"<p>explorer les fonctionnalit\u00e9s Durabilit\u00e9 Radiks Group D\u00e9veloppement durable Radiks Group est une entreprise engag\u00e9e dans le d\u00e9veloppement durable. Nous nous effor\u00e7ons de r\u00e9duire notre impact sur l&rsquo;environnement et de contribuer \u00e0 une soci\u00e9t\u00e9 plus juste et plus prosp\u00e8re. Responsabilit\u00e9 sociale Radiks Group est une entreprise qui se soucie de ses employ\u00e9s. Nous nous engageons \u00e0 [&hellip;]<\/p>\n","protected":false},"author":1,"featured_media":0,"parent":0,"menu_order":0,"comment_status":"closed","ping_status":"closed","template":"elementor_header_footer","meta":{"_acf_changed":false,"footnotes":""},"class_list":["post-15937","page","type-page","status-publish","hentry"],"acf":[],"_links":{"self":[{"href":"https:\/\/radiksgroup.com\/fr\/wp-json\/wp\/v2\/pages\/15937","targetHints":{"allow":["GET"]}}],"collection":[{"href":"https:\/\/radiksgroup.com\/fr\/wp-json\/wp\/v2\/pages"}],"about":[{"href":"https:\/\/radiksgroup.com\/fr\/wp-json\/wp\/v2\/types\/page"}],"author":[{"embeddable":true,"href":"https:\/\/radiksgroup.com\/fr\/wp-json\/wp\/v2\/users\/1"}],"replies":[{"embeddable":true,"href":"https:\/\/radiksgroup.com\/fr\/wp-json\/wp\/v2\/comments?post=15937"}],"version-history":[{"count":10,"href":"https:\/\/radiksgroup.com\/fr\/wp-json\/wp\/v2\/pages\/15937\/revisions"}],"predecessor-version":[{"id":20719,"href":"https:\/\/radiksgroup.com\/fr\/wp-json\/wp\/v2\/pages\/15937\/revisions\/20719"}],"wp:attachment":[{"href":"https:\/\/radiksgroup.com\/fr\/wp-json\/wp\/v2\/media?parent=15937"}],"curies":[{"name":"wp","href":"https:\/\/api.w.org\/{rel}","templated":true}]}}