{"id":15921,"date":"2022-04-16T06:53:12","date_gmt":"2022-04-16T06:53:12","guid":{"rendered":"https:\/\/radisgroup.ahmadalkhuleyf.net\/about-us\/"},"modified":"2024-11-30T08:43:15","modified_gmt":"2024-11-30T08:43:15","slug":"about-us","status":"publish","type":"page","link":"https:\/\/radiksgroup.com\/fr\/about-us\/","title":{"rendered":"\u00c0 propos de nous"},"content":{"rendered":"\t\t<div data-elementor-type=\"wp-page\" data-elementor-id=\"15921\" class=\"elementor elementor-15921 elementor-13458\" data-elementor-post-type=\"page\">\n\t\t\t\t\t\t<section class=\"elementor-section elementor-top-section elementor-element elementor-element-1c8d4d54 elementor-section-full_width page-masthead bg-image js-lazy loaded page-masthead__bg elementor-section-height-default elementor-section-height-default\" data-id=\"1c8d4d54\" data-element_type=\"section\" data-settings=\"{&quot;background_background&quot;:&quot;classic&quot;}\" data-parallax=\"0.6\">\n\t\t\t\t\t\t<div class=\"elementor-container elementor-column-gap-default container\">\n\t\t\t\t\t<div class=\"elementor-column elementor-col-100 elementor-top-column elementor-element elementor-element-b370b22\" data-id=\"b370b22\" data-element_type=\"column\">\n\t\t\t<div class=\"p-0 page-masthead__content elementor-widget-wrap elementor-element-populated\">\n\t\t\t\t\t\t<div class=\"elementor-section elementor-inner-section elementor-element elementor-element-18fd5edc elementor-section-full_width elementor-section-height-default elementor-section-height-default\" data-id=\"18fd5edc\" data-element_type=\"section\">\n\t\t\t\t\t\t<div class=\"elementor-container elementor-column-gap-default row justify-content-between md:justify-content-center align-items-center row-margin\">\n\t\t\t\t\t<div class=\"elementor-column elementor-col-50 elementor-inner-column elementor-element elementor-element-4ac2c049 col-lg-9 col-md-10\" data-id=\"4ac2c049\" data-element_type=\"column\" data-anim=\"slide-up delay-1\">\n\t\t\t<div class=\"p-0 elementor-widget-wrap elementor-element-populated\">\n\t\t\t\t\t\t<div class=\"elementor-element elementor-element-5c850496 elementor-widget elementor-widget-highlighted-heading\" data-id=\"5c850496\" data-element_type=\"widget\" data-widget_type=\"highlighted-heading.default\">\n\t\t\t\t<div class=\"elementor-widget-container\">\n\t\t\t<div class=\"highlighted-heading__title page-masthead__subtitle\">explorer les fonctionnalit\u00e9s<\/div>\t\t<\/div>\n\t\t\t\t<\/div>\n\t\t\t\t<div class=\"elementor-element elementor-element-91a26a2 elementor-widget elementor-widget-highlighted-heading\" data-id=\"91a26a2\" data-element_type=\"widget\" data-widget_type=\"highlighted-heading.default\">\n\t\t\t\t<div class=\"elementor-widget-container\">\n\t\t\t<h1 class=\"highlighted-heading__title page-masthead__title text-white\">\u00c0 propos de nous<\/h1>\t\t<\/div>\n\t\t\t\t<\/div>\n\t\t\t\t\t<\/div>\n\t\t<\/div>\n\t\t\t\t<div class=\"elementor-column elementor-col-50 elementor-inner-column elementor-element elementor-element-2340165d col-lg-auto col-12\" data-id=\"2340165d\" data-element_type=\"column\">\n\t\t\t<div class=\"p-0 elementor-widget-wrap elementor-element-populated\">\n\t\t\t\t\t\t<div class=\"elementor-element elementor-element-6710d6ec elementor-widget elementor-widget-hx-breadcrumb\" data-id=\"6710d6ec\" data-element_type=\"widget\" data-widget_type=\"hx-breadcrumb.default\">\n\t\t\t\t<div class=\"elementor-widget-container\">\n\t\t\t<div data-anim=\"slide-up delay-1\" class=\"page-masthead-bread text-white md:mt-24 text-right\"><a data-barba class=\"page-masthead-bread__item active\">Accueil<\/a><\/div>\t\t<\/div>\n\t\t\t\t<\/div>\n\t\t\t\t\t<\/div>\n\t\t<\/div>\n\t\t\t\t\t<\/div>\n\t\t<\/div>\n\t\t\t\t\t<\/div>\n\t\t<\/div>\n\t\t\t\t\t<\/div>\n\t\t<\/section>\n\t\t\t\t<section class=\"elementor-section elementor-top-section elementor-element elementor-element-73ccb48b elementor-section-full_width elementor-section-height-default elementor-section-height-default\" data-id=\"73ccb48b\" data-element_type=\"section\">\n\t\t\t\t\t\t<div class=\"elementor-container elementor-column-gap-default container\">\n\t\t\t\t\t<div class=\"elementor-column elementor-col-100 elementor-top-column elementor-element elementor-element-6d3e491e\" data-id=\"6d3e491e\" data-element_type=\"column\">\n\t\t\t<div class=\"p-0 elementor-widget-wrap elementor-element-populated\">\n\t\t\t\t\t\t<div class=\"elementor-section elementor-inner-section elementor-element elementor-element-566466c7 elementor-section-full_width elementor-section-height-default elementor-section-height-default\" data-id=\"566466c7\" data-element_type=\"section\">\n\t\t\t\t\t\t<div class=\"elementor-container elementor-column-gap-default row row-margin\">\n\t\t\t\t\t<div class=\"elementor-column elementor-col-100 elementor-inner-column elementor-element elementor-element-7ccd93ca col-12\" data-id=\"7ccd93ca\" data-element_type=\"column\">\n\t\t\t<div class=\"p-0 sectionHeading -top-line text-center elementor-widget-wrap elementor-element-populated\">\n\t\t\t\t\t\t<div class=\"elementor-element elementor-element-267db0cd elementor-widget elementor-widget-highlighted-heading\" data-id=\"267db0cd\" data-element_type=\"widget\" data-widget_type=\"highlighted-heading.default\">\n\t\t\t\t<div class=\"elementor-widget-container\">\n\t\t\t<span class=\"highlighted-heading__title sectionHeading__subtitle\">Que pouvons-nous offrir<\/span>\t\t<\/div>\n\t\t\t\t<\/div>\n\t\t\t\t<div class=\"elementor-element elementor-element-2ac479b1 elementor-widget elementor-widget-highlighted-heading\" data-id=\"2ac479b1\" data-element_type=\"widget\" data-widget_type=\"highlighted-heading.default\">\n\t\t\t\t<div class=\"elementor-widget-container\">\n\t\t\t<h2 class=\"highlighted-heading__title sectionHeading__title mb-0\">Notre Philosophie<\/h2>\t\t<\/div>\n\t\t\t\t<\/div>\n\t\t\t\t\t<\/div>\n\t\t<\/div>\n\t\t\t\t\t<\/div>\n\t\t<\/div>\n\t\t\t\t<div class=\"elementor-section elementor-inner-section elementor-element elementor-element-6f9ef71f elementor-section-full_width elementor-section-height-default elementor-section-height-default\" data-id=\"6f9ef71f\" data-element_type=\"section\">\n\t\t\t\t\t\t<div class=\"elementor-container elementor-column-gap-default\">\n\t\t\t\t\t<div class=\"elementor-column elementor-col-33 elementor-inner-column elementor-element elementor-element-c42c753\" data-id=\"c42c753\" data-element_type=\"column\">\n\t\t\t<div class=\"elementor-widget-wrap elementor-element-populated\">\n\t\t\t\t\t\t<div class=\"elementor-element elementor-element-2e4cfc16 elementor-position-top elementor-mobile-position-top elementor-widget elementor-widget-icon-box\" data-id=\"2e4cfc16\" data-element_type=\"widget\" data-widget_type=\"icon-box.card-hellix\">\n\t\t\t\t<div class=\"elementor-widget-container\">\n\t\t\t<link rel=\"stylesheet\" href=\"https:\/\/radiksgroup.com\/wp-content\/plugins\/elementor\/assets\/css\/widget-icon-box.min.css\"> \n\t\t<div class=\"service -card -hover\">\n\t\t\t<div class=\"service__content -border\">\n\n\t\t\t\t\t\t\t\t\t<div class=\"service__icon\">\n\t\t\t\t\t\t<i aria-hidden=\"true\" class=\"elementor-icon elementor-icon-box icon  text-beige icon icon-cube\"><\/i>\t\t\t\t\t<\/div>\n\t\t\t\t\n\t\t\t\t\t\t<h3 class=\"service__title elementor-icon-box-title service__title mt-20\">\n\t\t\tNotre mission\t\t<\/h3 > \n\t\t\t\t<p class=\"elementor-icon-box-description service__text service__text\">\n\t\t\tRadiks Group est une soci\u00e9t\u00e9 d'investissement et de commerce international qui vise \u00e0 ouvrir les portes aux investisseurs du monde entier sur le march\u00e9 africain en plein essor. Gr\u00e2ce \u00e0 son exp\u00e9rience et \u00e0 son r\u00e9seau solide en Afrique, Radiks Group offre aux investisseurs un acc\u00e8s exclusif aux meilleures opportunit\u00e9s d'investissement. \t\t<\/p> \n\t\t\t\t\t<\/div>\n\t\t<\/div>\n\t\t\t\t<\/div>\n\t\t\t\t<\/div>\n\t\t\t\t\t<\/div>\n\t\t<\/div>\n\t\t\t\t<div class=\"elementor-column elementor-col-33 elementor-inner-column elementor-element elementor-element-433be0e\" data-id=\"433be0e\" data-element_type=\"column\">\n\t\t\t<div class=\"elementor-widget-wrap elementor-element-populated\">\n\t\t\t\t\t\t<div class=\"elementor-element elementor-element-ff0e725 elementor-position-top elementor-mobile-position-top elementor-widget elementor-widget-icon-box\" data-id=\"ff0e725\" data-element_type=\"widget\" data-widget_type=\"icon-box.card-hellix\">\n\t\t\t\t<div class=\"elementor-widget-container\">\n\t\t\t \n\t\t<div class=\"service -card -hover\">\n\t\t\t<div class=\"service__content -border\">\n\n\t\t\t\t\t\t\t\t\t<div class=\"service__icon\">\n\t\t\t\t\t\t<i aria-hidden=\"true\" class=\"elementor-icon elementor-icon-box icon  text-beige icon icon-idea\"><\/i>\t\t\t\t\t<\/div>\n\t\t\t\t\n\t\t\t\t\t\t<h3 class=\"service__title elementor-icon-box-title service__title mt-20\">\n\t\t\tNotre vision\t\t<\/h3 > \n\t\t\t\t<p class=\"elementor-icon-box-description service__text service__text\">\n\t\t\tRadiks Group aspire \u00e0 devenir le partenaire de confiance des investisseurs qui souhaitent tirer parti du potentiel \u00e9conomique de l'Afrique. \t\t<\/p> \n\t\t\t\t\t<\/div>\n\t\t<\/div>\n\t\t\t\t<\/div>\n\t\t\t\t<\/div>\n\t\t\t\t\t<\/div>\n\t\t<\/div>\n\t\t\t\t<div class=\"elementor-column elementor-col-33 elementor-inner-column elementor-element elementor-element-69bee240\" data-id=\"69bee240\" data-element_type=\"column\">\n\t\t\t<div class=\"elementor-widget-wrap elementor-element-populated\">\n\t\t\t\t\t\t<div class=\"elementor-element elementor-element-39383649 elementor-position-top elementor-mobile-position-top elementor-widget elementor-widget-icon-box\" data-id=\"39383649\" data-element_type=\"widget\" data-widget_type=\"icon-box.card-hellix\">\n\t\t\t\t<div class=\"elementor-widget-container\">\n\t\t\t \n\t\t<div class=\"service -card -hover\">\n\t\t\t<div class=\"service__content -border\">\n\n\t\t\t\t\t\t\t\t\t<div class=\"service__icon\">\n\t\t\t\t\t\t<i aria-hidden=\"true\" class=\"elementor-icon elementor-icon-box icon  text-beige icon icon-rocket\"><\/i>\t\t\t\t\t<\/div>\n\t\t\t\t\n\t\t\t\t\t\t<h3 class=\"service__title elementor-icon-box-title service__title mt-20\">\n\t\t\tNotre strat\u00e9gie\t\t<\/h3 > \n\t\t\t\t<p class=\"elementor-icon-box-description service__text service__text\">\n\t\t\tRadiks Group se concentre sur trois domaines cl\u00e9s pour atteindre sa vision d'un avenir meilleur pour l'investissement en Afrique :\n<br>\n- L'innovation\u00a0: Radiks Group cherche \u00e0 identifier de nouvelles opportunit\u00e9s d'investissement et \u00e0 d\u00e9velopper des solutions innovantes pour r\u00e9pondre aux besoins des investisseurs.\n<br>\n- La diversification\u00a0: Radiks Group cherche \u00e0 diversifier son portefeuille d'investissements pour r\u00e9duire les risques et offrir une plus grande vari\u00e9t\u00e9 d'options aux investisseurs.\n<br>\n- L'int\u00e9gration\u00a0: Radiks Group cherche \u00e0 int\u00e9grer les march\u00e9s africains aux march\u00e9s mondiaux pour faciliter l'investissement et le commerce.\t\t<\/p> \n\t\t\t\t\t<\/div>\n\t\t<\/div>\n\t\t\t\t<\/div>\n\t\t\t\t<\/div>\n\t\t\t\t\t<\/div>\n\t\t<\/div>\n\t\t\t\t\t<\/div>\n\t\t<\/div>\n\t\t\t\t\t<\/div>\n\t\t<\/div>\n\t\t\t\t\t<\/div>\n\t\t<\/section>\n\t\t\t\t<section class=\"elementor-section elementor-top-section elementor-element elementor-element-55a63b73 elementor-section-full_width elementor-section-stretched layout-pt-lg layout-pb-xl md:pb-64 elementor-section-height-default elementor-section-height-default\" data-id=\"55a63b73\" data-element_type=\"section\" data-settings=\"{&quot;stretch_section&quot;:&quot;section-stretched&quot;}\">\n\t\t\t\t\t\t<div class=\"elementor-container elementor-column-gap-default container row no-gutters align-items-end justify-content-center\">\n\t\t\t\t\t<div class=\"elementor-column elementor-col-50 elementor-top-column elementor-element elementor-element-72980b73 col-xl-5 col-lg-6 col-12 about-me \" data-id=\"72980b73\" data-element_type=\"column\" data-settings=\"{&quot;background_background&quot;:&quot;classic&quot;}\">\n\t\t\t<div class=\"p-0 ratio ratio-29:33 bg-image js-lazy elementor-widget-wrap\">\n\t\t\t\t\t\t\t<\/div>\n\t\t<\/div>\n\t\t\t\t<div class=\"elementor-column elementor-col-50 elementor-top-column elementor-element elementor-element-1c1c9ad8 col-xl-5 col-lg-6 col-12\" data-id=\"1c1c9ad8\" data-element_type=\"column\">\n\t\t\t<div class=\"mb-minus-lg md:mb-0 md:ml-0 ml-minus-col-1 -left-line bg-beige-dark px-64 py-80 sectionHeading sm:px-32 sm:py-48 flex-grow-1 elementor-widget-wrap elementor-element-populated\">\n\t\t\t\t\t\t<div class=\"elementor-element elementor-element-34eef946 elementor-widget elementor-widget-highlighted-heading\" data-id=\"34eef946\" data-element_type=\"widget\" data-widget_type=\"highlighted-heading.default\">\n\t\t\t\t<div class=\"elementor-widget-container\">\n\t\t\t<span class=\"highlighted-heading__title sectionHeading__subtitle text-white\">QUI NOUS SOMMES<\/span>\t\t<\/div>\n\t\t\t\t<\/div>\n\t\t\t\t<div class=\"elementor-element elementor-element-61dc6460 elementor-widget elementor-widget-highlighted-heading\" data-id=\"61dc6460\" data-element_type=\"widget\" data-widget_type=\"highlighted-heading.default\">\n\t\t\t\t<div class=\"elementor-widget-container\">\n\t\t\t<h2 class=\"highlighted-heading__title sectionHeading__title text-white\">Votre destination s\u00fbre pour investir en Afrique.<\/h2>\t\t<\/div>\n\t\t\t\t<\/div>\n\t\t\t\t<div class=\"elementor-element elementor-element-27983ec4 elementor-widget elementor-widget-highlighted-heading\" data-id=\"27983ec4\" data-element_type=\"widget\" data-widget_type=\"highlighted-heading.default\">\n\t\t\t\t<div class=\"elementor-widget-container\">\n\t\t\t<p class=\"highlighted-heading__title sectionHeading__text text-white mt-20\">Radiks Group est une soci\u00e9t\u00e9 leader mondial de commerce et d'investissement. Cr\u00e9\u00e9e en 2017, elle centre strat\u00e9giquement ses op\u00e9rations commerciales et d'investissement \u00e0 Duba\u00ef et \u00e0 Istanbul. Ce choix s'explique par la position avantageuse de la Turquie au carrefour de l'Asie et de l'Europe, associ\u00e9e \u00e0 l'importance mondiale de Duba\u00ef dans divers secteurs et r\u00e9gions d'investissement.<\/p>\t\t<\/div>\n\t\t\t\t<\/div>\n\t\t\t\t\t<\/div>\n\t\t<\/div>\n\t\t\t\t\t<\/div>\n\t\t<\/section>\n\t\t\t\t<section class=\"elementor-section elementor-top-section elementor-element elementor-element-2f2e5cc7 elementor-section-full_width layout-pt-md layout-pb-md background-color elementor-section-height-default elementor-section-height-default\" data-id=\"2f2e5cc7\" data-element_type=\"section\">\n\t\t\t\t\t\t<div class=\"elementor-container elementor-column-gap-default container\">\n\t\t\t\t\t<div class=\"elementor-column elementor-col-100 elementor-top-column elementor-element elementor-element-32b171c0\" data-id=\"32b171c0\" data-element_type=\"column\" data-anim-wrap=\"\">\n\t\t\t<div class=\"p-0 elementor-widget-wrap elementor-element-populated\">\n\t\t\t\t\t\t<div class=\"elementor-section elementor-inner-section elementor-element elementor-element-2f9ea024 elementor-section-full_width elementor-section-height-default elementor-section-height-default\" data-id=\"2f9ea024\" data-element_type=\"section\" data-anim-wrap=\"\">\n\t\t\t\t\t\t<div class=\"elementor-container elementor-column-gap-default row justify-content-between align-items-center row-margin\">\n\t\t\t\t\t<div class=\"elementor-column elementor-col-50 elementor-inner-column elementor-element elementor-element-5d55b760 col-lg-5 col-md-10\" data-id=\"5d55b760\" data-element_type=\"column\" data-anim-child=\"slide-right delay-3\">\n\t\t\t<div class=\"p-0 sectionHeading -left-line -about pr-12 lg:pr-0 elementor-widget-wrap elementor-element-populated\">\n\t\t\t\t\t\t<div class=\"elementor-element elementor-element-32050bc3 elementor-widget elementor-widget-highlighted-heading\" data-id=\"32050bc3\" data-element_type=\"widget\" data-widget_type=\"highlighted-heading.default\">\n\t\t\t\t<div class=\"elementor-widget-container\">\n\t\t\t<span class=\"highlighted-heading__title sectionHeading__subtitle\">Radiks Group est votre levier s\u00fbr pour investir en Afrique.<\/span>\t\t<\/div>\n\t\t\t\t<\/div>\n\t\t\t\t<div class=\"elementor-element elementor-element-dd1cda7 elementor-widget elementor-widget-highlighted-heading\" data-id=\"dd1cda7\" data-element_type=\"widget\" data-widget_type=\"highlighted-heading.default\">\n\t\t\t\t<div class=\"elementor-widget-container\">\n\t\t\t<h2 class=\"highlighted-heading__title sectionHeading__title\">Pourquoi choisir Radiks Group comme partenaire fiable pour d\u00e9marrer votre entreprise ?<\/h2>\t\t<\/div>\n\t\t\t\t<\/div>\n\t\t\t\t<div class=\"elementor-element elementor-element-134389a1 elementor-widget elementor-widget-highlighted-heading\" data-id=\"134389a1\" data-element_type=\"widget\" data-widget_type=\"highlighted-heading.default\">\n\t\t\t\t<div class=\"elementor-widget-container\">\n\t\t\t<p class=\"highlighted-heading__title sectionHeading__text\">Radiks Investment est le partenaire privil\u00e9gi\u00e9 des investisseurs et des entreprises commerciales du monde pour d\u00e9couvrir les opportunit\u00e9s d'investissement les plus prometteuses en Afrique. La pr\u00e9sence de Radiks Group en Afrique est un atout majeur pour les investisseurs, car elle leur permet de b\u00e9n\u00e9ficier de son exp\u00e9rience et de son expertise pour acc\u00e9der au march\u00e9 a(A)fricain en toute confiance. Radiks Group \u00e9tudie les caract\u00e9ristiques du march\u00e9 et suit ses tendances changeantes pour r\u00e9pondre aux besoins sp\u00e9cifiques de chaque investisseur. Il fournit aux investisseurs les informations et les orientations n\u00e9cessaires pour prendre les bonnes d\u00e9cisions, \u00e9valuer les risques et atteindre leurs objectifs d'investissement<\/p>\t\t<\/div>\n\t\t\t\t<\/div>\n\t\t\t\t<div class=\"elementor-element elementor-element-3a78bc69 sectionHeading__button elementor-widget elementor-widget-button\" data-id=\"3a78bc69\" data-element_type=\"widget\" data-widget_type=\"button.button-hellix\">\n\t\t\t\t<div class=\"elementor-widget-container\">\n\t\t\t\t\t<a href=\"\/contact-us\/\" class=\"hx-elementor-button hellix-button button  -dark button -md -dark text-white\">\n\t\t\t\t\t\t<span class=\"hellix-elementor-button-text\">Lire la suite<\/span>\n\t\t\t\t\t\t\t\n\t\t<\/a>\n\t\t\t\t<\/div>\n\t\t\t\t<\/div>\n\t\t\t\t\t<\/div>\n\t\t<\/div>\n\t\t\t\t<div class=\"elementor-column elementor-col-50 elementor-inner-column elementor-element elementor-element-4aabafba col-xl-6 col-lg-7 col-12\" data-id=\"4aabafba\" data-element_type=\"column\">\n\t\t\t<div class=\"p-0 background-cover -left -dark md:mt-60 elementor-widget-wrap elementor-element-populated\">\n\t\t\t\t\t\t<div class=\"elementor-element elementor-element-68fff74f elementor-widget elementor-widget-image\" data-id=\"68fff74f\" data-element_type=\"widget\" data-widget_type=\"image.default\">\n\t\t\t\t<div class=\"elementor-widget-container\">\n\t\t\t<style>\/*! elementor - v3.19.0 - 28-02-2024 *\/\n.elementor-widget-image{text-align:center}.elementor-widget-image a{display:inline-block}.elementor-widget-image a img[src$=\".svg\"]{width:48px}.elementor-widget-image img{vertical-align:middle;display:inline-block}<\/style><div class=\"wrapper_css ratio ratio-4:3 \" data-anim-child=\"img-right cover-black\">\t\t\t\t\t\t\t\t\t\t<img fetchpriority=\"high\" decoding=\"async\" width=\"1053\" height=\"1200\" src=\"https:\/\/radiksgroup.com\/wp-content\/uploads\/2024\/11\/WHO-WE-ARE-1.jpg\" class=\"ratio-img h-100 attachment-full size-full wp-image-20659\" alt=\"\" srcset=\"https:\/\/radiksgroup.com\/wp-content\/uploads\/2024\/11\/WHO-WE-ARE-1.jpg 1053w, https:\/\/radiksgroup.com\/wp-content\/uploads\/2024\/11\/WHO-WE-ARE-1-263x300.jpg 263w, https:\/\/radiksgroup.com\/wp-content\/uploads\/2024\/11\/WHO-WE-ARE-1-899x1024.jpg 899w, https:\/\/radiksgroup.com\/wp-content\/uploads\/2024\/11\/WHO-WE-ARE-1-768x875.jpg 768w\" sizes=\"(max-width: 1053px) 100vw, 1053px\" \/>\t\t\t\t\t\t\t\t\t\t\t<\/div>\t\t<\/div>\n\t\t\t\t<\/div>\n\t\t\t\t\t<\/div>\n\t\t<\/div>\n\t\t\t\t\t<\/div>\n\t\t<\/div>\n\t\t\t\t\t<\/div>\n\t\t<\/div>\n\t\t\t\t\t<\/div>\n\t\t<\/section>\n\t\t<div class=\"elementor-element elementor-element-d12c0ca e-con-full e-flex e-con e-parent\" data-id=\"d12c0ca\" data-element_type=\"container\" data-settings=\"{&quot;content_width&quot;:&quot;full&quot;}\" data-core-v316-plus=\"true\">\n\t\t\t\t<div class=\"elementor-element elementor-element-99a43c1 elementor-widget elementor-widget-template\" data-id=\"99a43c1\" data-element_type=\"widget\" data-widget_type=\"template.default\">\n\t\t\t\t<div class=\"elementor-widget-container\">\n\t\t\t\t\t<div class=\"elementor-template\">\n\t\t\t\t\t<div data-elementor-type=\"section\" data-elementor-id=\"15909\" class=\"elementor elementor-15909 elementor-14538\" data-elementor-post-type=\"elementor_library\">\n\t\t\t\t\t<section class=\"elementor-section elementor-top-section elementor-element elementor-element-8640790 elementor-section-full_width layout-pt-md layout-pb-md bg-beige-dark elementor-section-stretched elementor-section-height-default elementor-section-height-default\" data-id=\"8640790\" data-element_type=\"section\" data-settings=\"{&quot;stretch_section&quot;:&quot;section-stretched&quot;}\">\n\t\t\t\t\t\t<div class=\"elementor-container elementor-column-gap-no no-gutters container justify-content-center text-center px-0\">\n\t\t\t\t\t<div class=\"elementor-column elementor-col-100 elementor-top-column elementor-element elementor-element-5cdeac3 col-xl-7 col-lg-8 col-md-10 px-col mx-auto px-col\" data-id=\"5cdeac3\" data-element_type=\"column\">\n\t\t\t<div class=\"p-0 elementor-widget-wrap elementor-element-populated\">\n\t\t\t\t\t\t<div class=\"elementor-element elementor-element-fb1e0c4 elementor-widget elementor-widget-highlighted-heading\" data-id=\"fb1e0c4\" data-element_type=\"widget\" data-widget_type=\"highlighted-heading.default\">\n\t\t\t\t<div class=\"elementor-widget-container\">\n\t\t\t<h2 class=\"highlighted-heading__title cta__title text-white\">Pr\u00eat \u00e0 prendre le contr\u00f4le de votre avenir en mati\u00e8re d\u2019investissement\u00a0?<\/h2>\t\t<\/div>\n\t\t\t\t<\/div>\n\t\t\t\t<div class=\"elementor-element elementor-element-c6a738c elementor-widget elementor-widget-highlighted-heading\" data-id=\"c6a738c\" data-element_type=\"widget\" data-widget_type=\"highlighted-heading.default\">\n\t\t\t\t<div class=\"elementor-widget-container\">\n\t\t\t<p class=\"highlighted-heading__title cta__text px-80 lg:px-0 text-white mb-0\">N)ous sommes fiers d'\u00eatre parmi les premi\u00e8res entreprises \u00e0 ouvrir physiquement dans le centre de l'Afrique de l'Ouest o\u00f9 se situe l'avenir financier. Lib\u00e9rez votre potentiel d'investissement d\u00e8s aujourd'hui\u00a0!<\/p>\t\t<\/div>\n\t\t\t\t<\/div>\n\t\t\t\t<div class=\"elementor-element elementor-element-bfc9690 cta__button elementor-widget elementor-widget-button\" data-id=\"bfc9690\" data-element_type=\"widget\" data-widget_type=\"button.button-hellix\">\n\t\t\t\t<div class=\"elementor-widget-container\">\n\t\t\t\t\t<a href=\"\/fr\/contact-us\/\" class=\"hx-elementor-button hellix-button button  -white button -md -white\">\n\t\t\t\t\t\t<span class=\"hellix-elementor-button-text\">D\u00e9marrer mon projet<\/span>\n\t\t\t\t\t\t\t\n\t\t<\/a>\n\t\t\t\t<\/div>\n\t\t\t\t<\/div>\n\t\t\t\t\t<\/div>\n\t\t<\/div>\n\t\t\t\t\t<\/div>\n\t\t<\/section>\n\t\t\t\t<\/div>\n\t\t\t\t<\/div>\n\t\t\t\t<\/div>\n\t\t\t\t<\/div>\n\t\t\t\t<\/div>\n\t\t\t\t<\/div>\n\t\t","protected":false},"excerpt":{"rendered":"<p>explorer les fonctionnalit\u00e9s \u00c0 propos de nous Que pouvons-nous offrir Notre Philosophie Notre mission Radiks Group est une soci\u00e9t\u00e9 d&rsquo;investissement et de commerce international qui vise \u00e0 ouvrir les portes aux investisseurs du monde entier sur le march\u00e9 africain en plein essor. Gr\u00e2ce \u00e0 son exp\u00e9rience et \u00e0 son r\u00e9seau solide en Afrique, Radiks Group [&hellip;]<\/p>\n","protected":false},"author":1,"featured_media":0,"parent":0,"menu_order":0,"comment_status":"closed","ping_status":"closed","template":"elementor_header_footer","meta":{"_acf_changed":false,"footnotes":""},"class_list":["post-15921","page","type-page","status-publish","hentry"],"acf":[],"_links":{"self":[{"href":"https:\/\/radiksgroup.com\/fr\/wp-json\/wp\/v2\/pages\/15921","targetHints":{"allow":["GET"]}}],"collection":[{"href":"https:\/\/radiksgroup.com\/fr\/wp-json\/wp\/v2\/pages"}],"about":[{"href":"https:\/\/radiksgroup.com\/fr\/wp-json\/wp\/v2\/types\/page"}],"author":[{"embeddable":true,"href":"https:\/\/radiksgroup.com\/fr\/wp-json\/wp\/v2\/users\/1"}],"replies":[{"embeddable":true,"href":"https:\/\/radiksgroup.com\/fr\/wp-json\/wp\/v2\/comments?post=15921"}],"version-history":[{"count":23,"href":"https:\/\/radiksgroup.com\/fr\/wp-json\/wp\/v2\/pages\/15921\/revisions"}],"predecessor-version":[{"id":20899,"href":"https:\/\/radiksgroup.com\/fr\/wp-json\/wp\/v2\/pages\/15921\/revisions\/20899"}],"wp:attachment":[{"href":"https:\/\/radiksgroup.com\/fr\/wp-json\/wp\/v2\/media?parent=15921"}],"curies":[{"name":"wp","href":"https:\/\/api.w.org\/{rel}","templated":true}]}}