{"id":15883,"date":"2022-04-09T08:29:22","date_gmt":"2022-04-09T08:29:22","guid":{"rendered":"https:\/\/radisgroup.ahmadalkhuleyf.net\/faq\/"},"modified":"2024-11-30T08:49:11","modified_gmt":"2024-11-30T08:49:11","slug":"faq","status":"publish","type":"page","link":"https:\/\/radiksgroup.com\/fr\/faq\/","title":{"rendered":"FAQ"},"content":{"rendered":"\t\t<div data-elementor-type=\"wp-page\" data-elementor-id=\"15883\" class=\"elementor elementor-15883 elementor-13252\" data-elementor-post-type=\"page\">\n\t\t\t\t\t\t<section class=\"elementor-section elementor-top-section elementor-element elementor-element-3fc693b8 elementor-section-full_width page-masthead bg-image js-lazy loaded page-masthead__bg elementor-section-height-default elementor-section-height-default\" data-id=\"3fc693b8\" data-element_type=\"section\" data-settings=\"{&quot;background_background&quot;:&quot;classic&quot;}\" data-parallax=\"0.6\">\n\t\t\t\t\t\t<div class=\"elementor-container elementor-column-gap-default container\">\n\t\t\t\t\t<div class=\"elementor-column elementor-col-100 elementor-top-column elementor-element elementor-element-38abf536\" data-id=\"38abf536\" data-element_type=\"column\">\n\t\t\t<div class=\"p-0 page-masthead__content elementor-widget-wrap elementor-element-populated\">\n\t\t\t\t\t\t<div class=\"elementor-section elementor-inner-section elementor-element elementor-element-59eb28a3 elementor-section-full_width elementor-section-height-default elementor-section-height-default\" data-id=\"59eb28a3\" data-element_type=\"section\">\n\t\t\t\t\t\t<div class=\"elementor-container elementor-column-gap-default row justify-content-between md:justify-content-center align-items-center row-margin\">\n\t\t\t\t\t<div class=\"elementor-column elementor-col-50 elementor-inner-column elementor-element elementor-element-74e39ffb col-lg-9 col-md-10\" data-id=\"74e39ffb\" data-element_type=\"column\" data-anim=\"slide-up delay-1\">\n\t\t\t<div class=\"p-0 elementor-widget-wrap elementor-element-populated\">\n\t\t\t\t\t\t<div class=\"elementor-element elementor-element-57d2fa0b elementor-widget elementor-widget-highlighted-heading\" data-id=\"57d2fa0b\" data-element_type=\"widget\" data-widget_type=\"highlighted-heading.default\">\n\t\t\t\t<div class=\"elementor-widget-container\">\n\t\t\t<div class=\"highlighted-heading__title page-masthead__subtitle\">explorer les fonctionnalit\u00e9s<\/div>\t\t<\/div>\n\t\t\t\t<\/div>\n\t\t\t\t<div class=\"elementor-element elementor-element-5af9fa4e elementor-widget elementor-widget-highlighted-heading\" data-id=\"5af9fa4e\" data-element_type=\"widget\" data-widget_type=\"highlighted-heading.default\">\n\t\t\t\t<div class=\"elementor-widget-container\">\n\t\t\t<h1 class=\"highlighted-heading__title page-masthead__title text-white\">FAQ <\/h1>\t\t<\/div>\n\t\t\t\t<\/div>\n\t\t\t\t\t<\/div>\n\t\t<\/div>\n\t\t\t\t<div class=\"elementor-column elementor-col-50 elementor-inner-column elementor-element elementor-element-47b025e col-lg-auto col-12\" data-id=\"47b025e\" data-element_type=\"column\">\n\t\t\t<div class=\"p-0 elementor-widget-wrap elementor-element-populated\">\n\t\t\t\t\t\t<div class=\"elementor-element elementor-element-384ea8f7 elementor-widget elementor-widget-hx-breadcrumb\" data-id=\"384ea8f7\" data-element_type=\"widget\" data-widget_type=\"hx-breadcrumb.default\">\n\t\t\t\t<div class=\"elementor-widget-container\">\n\t\t\t<div data-anim=\"slide-up delay-1\" class=\"page-masthead-bread text-white md:mt-24 text-right\"><a data-barba class=\"page-masthead-bread__item active\">Accueil<\/a><\/div>\t\t<\/div>\n\t\t\t\t<\/div>\n\t\t\t\t\t<\/div>\n\t\t<\/div>\n\t\t\t\t\t<\/div>\n\t\t<\/div>\n\t\t\t\t\t<\/div>\n\t\t<\/div>\n\t\t\t\t\t<\/div>\n\t\t<\/section>\n\t\t\t\t<section class=\"elementor-section elementor-top-section elementor-element elementor-element-68cfdc6f elementor-section-full_width layout-pt-md layout-pb-sm elementor-section-stretched elementor-section-height-default elementor-section-height-default\" data-id=\"68cfdc6f\" data-element_type=\"section\" data-settings=\"{&quot;stretch_section&quot;:&quot;section-stretched&quot;}\">\n\t\t\t\t\t\t<div class=\"elementor-container elementor-column-gap-default container \">\n\t\t\t\t\t<div class=\"elementor-column elementor-col-100 elementor-top-column elementor-element elementor-element-1a2cffe8\" data-id=\"1a2cffe8\" data-element_type=\"column\">\n\t\t\t<div class=\"p-0 elementor-widget-wrap elementor-element-populated\">\n\t\t\t\t\t\t<div class=\"elementor-section elementor-inner-section elementor-element elementor-element-205ed948 elementor-section-full_width elementor-section-height-default elementor-section-height-default\" data-id=\"205ed948\" data-element_type=\"section\">\n\t\t\t\t\t\t<div class=\"elementor-container elementor-column-gap-default row justify-content-center row-margin\">\n\t\t\t\t\t<div class=\"elementor-column elementor-col-100 elementor-inner-column elementor-element elementor-element-220ef9ae col-auto\" data-id=\"220ef9ae\" data-element_type=\"column\">\n\t\t\t<div class=\"p-0 sectionHeading -top-line text-center elementor-widget-wrap elementor-element-populated\">\n\t\t\t\t\t\t<div class=\"elementor-element elementor-element-4f81d4c8 elementor-widget elementor-widget-highlighted-heading\" data-id=\"4f81d4c8\" data-element_type=\"widget\" data-widget_type=\"highlighted-heading.default\">\n\t\t\t\t<div class=\"elementor-widget-container\">\n\t\t\t<span class=\"highlighted-heading__title sectionHeading__subtitle\">FAQ<\/span>\t\t<\/div>\n\t\t\t\t<\/div>\n\t\t\t\t<div class=\"elementor-element elementor-element-305b9526 elementor-widget elementor-widget-highlighted-heading\" data-id=\"305b9526\" data-element_type=\"widget\" data-widget_type=\"highlighted-heading.default\">\n\t\t\t\t<div class=\"elementor-widget-container\">\n\t\t\t<h2 class=\"highlighted-heading__title sectionHeading__title\">FAQ g\u00e9n\u00e9rale<\/h2>\t\t<\/div>\n\t\t\t\t<\/div>\n\t\t\t\t\t<\/div>\n\t\t<\/div>\n\t\t\t\t\t<\/div>\n\t\t<\/div>\n\t\t\t\t<div class=\"elementor-section elementor-inner-section elementor-element elementor-element-4ae84a5d elementor-section-full_width elementor-section-height-default elementor-section-height-default\" data-id=\"4ae84a5d\" data-element_type=\"section\">\n\t\t\t\t\t\t<div class=\"elementor-container elementor-column-gap-default row justify-content-center pt-30 row-margin\">\n\t\t\t\t\t<div class=\"elementor-column elementor-col-100 elementor-inner-column elementor-element elementor-element-6811a81b col-xl-8 col-lg-10\" data-id=\"6811a81b\" data-element_type=\"column\">\n\t\t\t<div class=\"p-0  elementor-widget-wrap elementor-element-populated\">\n\t\t\t\t\t\t<div class=\"elementor-element elementor-element-537a55c6 elementor-widget elementor-widget-accordion\" data-id=\"537a55c6\" data-element_type=\"widget\" data-widget_type=\"accordion.hx-accordion-basic\">\n\t\t\t\t<div class=\"elementor-widget-container\">\n\t\t\t<style>\/*! elementor - v3.19.0 - 28-02-2024 *\/\n.elementor-accordion{text-align:left}.elementor-accordion .elementor-accordion-item{border:1px solid #d5d8dc}.elementor-accordion .elementor-accordion-item+.elementor-accordion-item{border-top:none}.elementor-accordion .elementor-tab-title{margin:0;padding:15px 20px;font-weight:700;line-height:1;cursor:pointer;outline:none}.elementor-accordion .elementor-tab-title .elementor-accordion-icon{display:inline-block;width:1.5em}.elementor-accordion .elementor-tab-title .elementor-accordion-icon svg{width:1em;height:1em}.elementor-accordion .elementor-tab-title .elementor-accordion-icon.elementor-accordion-icon-right{float:right;text-align:right}.elementor-accordion .elementor-tab-title .elementor-accordion-icon.elementor-accordion-icon-left{float:left;text-align:left}.elementor-accordion .elementor-tab-title .elementor-accordion-icon .elementor-accordion-icon-closed{display:block}.elementor-accordion .elementor-tab-title .elementor-accordion-icon .elementor-accordion-icon-opened,.elementor-accordion .elementor-tab-title.elementor-active .elementor-accordion-icon-closed{display:none}.elementor-accordion .elementor-tab-title.elementor-active .elementor-accordion-icon-opened{display:block}.elementor-accordion .elementor-tab-content{display:none;padding:15px 20px;border-top:1px solid #d5d8dc}@media (max-width:767px){.elementor-accordion .elementor-tab-title{padding:12px 15px}.elementor-accordion .elementor-tab-title .elementor-accordion-icon{width:1.2em}.elementor-accordion .elementor-tab-content{padding:7px 15px}}.e-con-inner>.elementor-widget-accordion,.e-con>.elementor-widget-accordion{width:var(--container-widget-width);--flex-grow:var(--container-widget-flex-grow)}<\/style>\t\t<div class=\"accordion -simple js-accordion\" id=\"accordion69f28a5f0f42a\">\n\t\t\t\t\t<div class=\"accordion__item\">\n\t\t\t\t<div class=\"accordion__button text-black\">\n\t\t\t\t\t<button class=\"hellix-tab-title elementor-accordion-title text-lg md:text-base fw-600 text-black\">Qu&#039;est-ce qui fait de Radiks Group un partenaire de confiance id\u00e9al pour d\u00e9marrer votre entreprise ?<\/button>\n\t\t\t\t\t<div class=\"accordion__icon\">\n\t\t\t\t\t\t<svg xmlns=\"http:\/\/www.w3.org\/2000\/svg\" width=\"24\" height=\"24\" viewBox=\"0 0 24 24\" fill=\"none\" stroke=\"currentColor\" stroke-width=\"2\" stroke-linecap=\"round\" stroke-linejoin=\"round\" class=\"feather feather-plus icon\"><line x1=\"12\" y1=\"5\" x2=\"12\" y2=\"19\"><\/line><line x1=\"5\" y1=\"12\" x2=\"19\" y2=\"12\"><\/line><\/svg>\n\t\t\t\t\t\t<svg xmlns=\"http:\/\/www.w3.org\/2000\/svg\" width=\"24\" height=\"24\" viewBox=\"0 0 24 24\" fill=\"none\" stroke=\"currentColor\" stroke-width=\"2\" stroke-linecap=\"round\" stroke-linejoin=\"round\" class=\"feather feather-minus icon\"><line x1=\"5\" y1=\"12\" x2=\"19\" y2=\"12\"><\/line><\/svg>\n\t\t\t\t\t<\/div>\n\t\t\t\t<\/div>\n\t\t\t\t<div class=\"accordion__content\">\n\t\t\t\t\t<div class=\"accordion__content__inner hellix-accordion__content elementor-tab-content\">\n\t\t\t\t\t\t<p class=\"text-sm \">\n\t\t\t\t\t\t\t<p class=\"p1\">Avec notre longue et longue exp\u00e9rience dans le monde de l\u2019investissement dans divers secteurs \u00e0 travers le monde, nous sommes fiers de nos relations strat\u00e9giques solides avec les principaux investisseurs, l\u2019industrie et les chefs d\u2019entreprise du monde, ainsi que nos succursales et centres strat\u00e9giques r\u00e9partis dans le monde entier, et nos \u00e9quipes d\u2019experts multilingues et multiculturels.<\/p>\t\t\t\t\t\t<\/p>\n\t\t\t\t\t<\/div>\n\t\t\t\t<\/div>\n\t\t\t<\/div>\n\t\t\t\t\t\t<div class=\"accordion__item\">\n\t\t\t\t<div class=\"accordion__button text-black\">\n\t\t\t\t\t<button class=\"hellix-tab-title elementor-accordion-title text-lg md:text-base fw-600 text-black\">Comment Radiks Group peut-il contribuer \u00e0 la r\u00e9ussite de mon investissement ?<\/button>\n\t\t\t\t\t<div class=\"accordion__icon\">\n\t\t\t\t\t\t<svg xmlns=\"http:\/\/www.w3.org\/2000\/svg\" width=\"24\" height=\"24\" viewBox=\"0 0 24 24\" fill=\"none\" stroke=\"currentColor\" stroke-width=\"2\" stroke-linecap=\"round\" stroke-linejoin=\"round\" class=\"feather feather-plus icon\"><line x1=\"12\" y1=\"5\" x2=\"12\" y2=\"19\"><\/line><line x1=\"5\" y1=\"12\" x2=\"19\" y2=\"12\"><\/line><\/svg>\n\t\t\t\t\t\t<svg xmlns=\"http:\/\/www.w3.org\/2000\/svg\" width=\"24\" height=\"24\" viewBox=\"0 0 24 24\" fill=\"none\" stroke=\"currentColor\" stroke-width=\"2\" stroke-linecap=\"round\" stroke-linejoin=\"round\" class=\"feather feather-minus icon\"><line x1=\"5\" y1=\"12\" x2=\"19\" y2=\"12\"><\/line><\/svg>\n\t\t\t\t\t<\/div>\n\t\t\t\t<\/div>\n\t\t\t\t<div class=\"accordion__content\">\n\t\t\t\t\t<div class=\"accordion__content__inner hellix-accordion__content elementor-tab-content\">\n\t\t\t\t\t\t<p class=\"text-sm \">\n\t\t\t\t\t\t\t<p class=\"p1\">Nous voyons dans notre diversit\u00e9 l\u2019exp\u00e9rience et la force d\u2019offrir \u00e0 nos investisseurs et \u00e0 nos clients les bases et les r\u00e8gles les plus importantes pour r\u00e9ussir dans le monde r\u00e9el de l\u2019investissement en leur fournissant les informations et les orientations n\u00e9cessaires pour prendre les bonnes d\u00e9cisions et \u00e9valuer les risques et les r\u00e9sultats qui les aident \u00e0 r\u00e9ussir sur le march\u00e9 africain en croissance en fonction de leurs propres objectifs d\u2019investissement.<\/p>\t\t\t\t\t\t<\/p>\n\t\t\t\t\t<\/div>\n\t\t\t\t<\/div>\n\t\t\t<\/div>\n\t\t\t\t\t\t<div class=\"accordion__item\">\n\t\t\t\t<div class=\"accordion__button text-black\">\n\t\t\t\t\t<button class=\"hellix-tab-title elementor-accordion-title text-lg md:text-base fw-600 text-black\">Est-ce que Radiks Group est int\u00e9ress\u00e9 par l&#039;investissement dans de nouveaux secteurs ?<\/button>\n\t\t\t\t\t<div class=\"accordion__icon\">\n\t\t\t\t\t\t<svg xmlns=\"http:\/\/www.w3.org\/2000\/svg\" width=\"24\" height=\"24\" viewBox=\"0 0 24 24\" fill=\"none\" stroke=\"currentColor\" stroke-width=\"2\" stroke-linecap=\"round\" stroke-linejoin=\"round\" class=\"feather feather-plus icon\"><line x1=\"12\" y1=\"5\" x2=\"12\" y2=\"19\"><\/line><line x1=\"5\" y1=\"12\" x2=\"19\" y2=\"12\"><\/line><\/svg>\n\t\t\t\t\t\t<svg xmlns=\"http:\/\/www.w3.org\/2000\/svg\" width=\"24\" height=\"24\" viewBox=\"0 0 24 24\" fill=\"none\" stroke=\"currentColor\" stroke-width=\"2\" stroke-linecap=\"round\" stroke-linejoin=\"round\" class=\"feather feather-minus icon\"><line x1=\"5\" y1=\"12\" x2=\"19\" y2=\"12\"><\/line><\/svg>\n\t\t\t\t\t<\/div>\n\t\t\t\t<\/div>\n\t\t\t\t<div class=\"accordion__content\">\n\t\t\t\t\t<div class=\"accordion__content__inner hellix-accordion__content elementor-tab-content\">\n\t\t\t\t\t\t<p class=\"text-sm \">\n\t\t\t\t\t\t\t<p class=\"p1\">Nous soutenons le succ\u00e8s et l&rsquo;innovation dans tous les domaines. Nous recherchons toujours de nouvelles opportunit\u00e9s d\u2019investissement innovantes qui am\u00e9liorent notre croissance et notre expansion sur le march\u00e9 africain et dans le monde. Si vous \u00eates un entrepreneur pionnier et que vous recherchez ceux qui embrassent votre id\u00e9e et votre succ\u00e8s, vous trouverez certainement dans l\u2019\u00e9quipe de Radiks Group un partenaire strat\u00e9gique pour soutenir votre investissement.<\/p>\t\t\t\t\t\t<\/p>\n\t\t\t\t\t<\/div>\n\t\t\t\t<\/div>\n\t\t\t<\/div>\n\t\t\t\t\t\t<div class=\"accordion__item\">\n\t\t\t\t<div class=\"accordion__button text-black\">\n\t\t\t\t\t<button class=\"hellix-tab-title elementor-accordion-title text-lg md:text-base fw-600 text-black\">O\u00f9 sont les activit\u00e9s de Radiks Group ?<\/button>\n\t\t\t\t\t<div class=\"accordion__icon\">\n\t\t\t\t\t\t<svg xmlns=\"http:\/\/www.w3.org\/2000\/svg\" width=\"24\" height=\"24\" viewBox=\"0 0 24 24\" fill=\"none\" stroke=\"currentColor\" stroke-width=\"2\" stroke-linecap=\"round\" stroke-linejoin=\"round\" class=\"feather feather-plus icon\"><line x1=\"12\" y1=\"5\" x2=\"12\" y2=\"19\"><\/line><line x1=\"5\" y1=\"12\" x2=\"19\" y2=\"12\"><\/line><\/svg>\n\t\t\t\t\t\t<svg xmlns=\"http:\/\/www.w3.org\/2000\/svg\" width=\"24\" height=\"24\" viewBox=\"0 0 24 24\" fill=\"none\" stroke=\"currentColor\" stroke-width=\"2\" stroke-linecap=\"round\" stroke-linejoin=\"round\" class=\"feather feather-minus icon\"><line x1=\"5\" y1=\"12\" x2=\"19\" y2=\"12\"><\/line><\/svg>\n\t\t\t\t\t<\/div>\n\t\t\t\t<\/div>\n\t\t\t\t<div class=\"accordion__content\">\n\t\t\t\t\t<div class=\"accordion__content__inner hellix-accordion__content elementor-tab-content\">\n\t\t\t\t\t\t<p class=\"text-sm \">\n\t\t\t\t\t\t\t<p class=\"p1\">Nos activit\u00e9s sont diversifi\u00e9es \u00e0 travers plusieurs centres et succursales \u00e0 travers le monde, tandis que nos investissements sont plus concentr\u00e9s dans les pays d\u2019Afrique du Nord.<\/p>\t\t\t\t\t\t<\/p>\n\t\t\t\t\t<\/div>\n\t\t\t\t<\/div>\n\t\t\t<\/div>\n\t\t\t\t\t<\/div>\n\t\t\t\t<\/div>\n\t\t\t\t<\/div>\n\t\t\t\t\t<\/div>\n\t\t<\/div>\n\t\t\t\t\t<\/div>\n\t\t<\/div>\n\t\t\t\t\t<\/div>\n\t\t<\/div>\n\t\t\t\t\t<\/div>\n\t\t<\/section>\n\t\t\t\t<\/div>\n\t\t","protected":false},"excerpt":{"rendered":"<p>explorer les fonctionnalit\u00e9s FAQ FAQ FAQ g\u00e9n\u00e9rale Qu&#039;est-ce qui fait de Radiks Group un partenaire de confiance id\u00e9al pour d\u00e9marrer votre entreprise ? Avec notre longue et longue exp\u00e9rience dans le monde de l\u2019investissement dans divers secteurs \u00e0 travers le monde, nous sommes fiers de nos relations strat\u00e9giques solides avec les principaux investisseurs, l\u2019industrie et [&hellip;]<\/p>\n","protected":false},"author":1,"featured_media":0,"parent":0,"menu_order":0,"comment_status":"closed","ping_status":"closed","template":"elementor_header_footer","meta":{"_acf_changed":false,"footnotes":""},"class_list":["post-15883","page","type-page","status-publish","hentry"],"acf":[],"_links":{"self":[{"href":"https:\/\/radiksgroup.com\/fr\/wp-json\/wp\/v2\/pages\/15883","targetHints":{"allow":["GET"]}}],"collection":[{"href":"https:\/\/radiksgroup.com\/fr\/wp-json\/wp\/v2\/pages"}],"about":[{"href":"https:\/\/radiksgroup.com\/fr\/wp-json\/wp\/v2\/types\/page"}],"author":[{"embeddable":true,"href":"https:\/\/radiksgroup.com\/fr\/wp-json\/wp\/v2\/users\/1"}],"replies":[{"embeddable":true,"href":"https:\/\/radiksgroup.com\/fr\/wp-json\/wp\/v2\/comments?post=15883"}],"version-history":[{"count":18,"href":"https:\/\/radiksgroup.com\/fr\/wp-json\/wp\/v2\/pages\/15883\/revisions"}],"predecessor-version":[{"id":20716,"href":"https:\/\/radiksgroup.com\/fr\/wp-json\/wp\/v2\/pages\/15883\/revisions\/20716"}],"wp:attachment":[{"href":"https:\/\/radiksgroup.com\/fr\/wp-json\/wp\/v2\/media?parent=15883"}],"curies":[{"name":"wp","href":"https:\/\/api.w.org\/{rel}","templated":true}]}}